{"id":2093,"date":"2021-02-14T13:54:47","date_gmt":"2021-02-14T17:54:47","guid":{"rendered":"https:\/\/cgerp.ca\/wordpress\/?page_id=2093"},"modified":"2025-09-22T13:19:10","modified_gmt":"2025-09-22T17:19:10","slug":"historique","status":"publish","type":"page","link":"https:\/\/cgerp.ca\/wordpress\/historique\/","title":{"rendered":"Historique"},"content":{"rendered":"[vc_row][vc_column]<div  class=\"swmsc_fancy_heading swmsc_fancy_heading_center fh_icon_history\" style=\"margin-top:;margin-bottom:40px;\">\n\t\t\t\t\t\t<div class=\"swmsc_fancy_heading_text\" style=\"font-size:30px;line-height:36px;\">\n\t\t\t\t\t\t\t<span style=\"color: #000000;\">Historique<\/span>\n\t\t\t\t\t\t\t<div class=\"swmsc_fancy_heading_border\">\n\t\t\t\t\t\t\t\t<span class=\"swmsc_fancy_heading_border1\" style=\"background:#36ace2;\"><\/span>\n\t\t\t\t\t\t\t\t<span class=\"swmsc_fancy_heading_border2\" style=\"background:#36ace2;\"><\/span>\n\t\t\t\t\t\t\t\t<span class=\"swmsc_fancy_heading_icon\"><i class=\"fa fa-history\"  style=\"color:#000000;\"><\/i><\/span>\n\t\t\t\t\t\t\t<\/div>\n\t\t\t\t\t\t<\/div>\n\t\t\t\t\t<\/div><div   ><div style=\"font-size:22px; color:; font-weight:normal; line-height:22px;\">\n\t\t\t\t\t\n<p style=\"text-align: justify;\"><span style=\"font-size: 18pt;\">En 1999, un comit\u00e9 provisoire fut form\u00e9 dans la r\u00e9gion de Pokemouche afin de mettre sur pied un organisme qui aurait\u00a0 pour mandat la gestion environnementale du bassin versant de la rivi\u00e8re Pokemouche. Le bassin versant de la rivi\u00e8re Pokemouche est situ\u00e9 dans la P\u00e9ninsule Acadienne au Nord-Est du Nouveau-Brunswick.<\/span><\/p>\n<p style=\"text-align: justify;\"><span style=\"font-size: 18pt;\">En janvier 2000, ce comit\u00e9 soumettait une demande de fonds au MEGL pour entamer une \u00e9tude sur la\u00a0 classification des cours d\u2019eau de la rivi\u00e8re Pokemouche. Ce projet, qui devait entreprendre une \u00e9tude sur la classification des cours d\u2019eau du bassin versant de la rivi\u00e8re Pokemouche, devait durer deux ans. Le projet a obtenu l\u2019accord du MEGL au mois de juillet 2001. Durant cette m\u00eame ann\u00e9e, le comit\u00e9 a organis\u00e9 un bureau rapidement avec l\u2019aide des employ\u00e9s du MEGL.\u00a0 La prise des premiers \u00e9chantillons a d\u00e9but\u00e9 au mois d\u2019ao\u00fbt de la m\u00eame ann\u00e9e.<\/span><\/p>\n<p style=\"text-align: justify;\"><span style=\"font-size: 18pt;\">C\u2019est vers le milieu des ann\u00e9es 90 que le Minist\u00e8re de l\u2019Environnement et des Gouvernements locaux a initi\u00e9 le travail en vue de r\u00e9diger un r\u00e8glement sur la classification des cours d\u2019eau sous l\u2019\u00e9gide de la\u00a0<em>Loi sur l\u2019Assainissement de l\u2019Eau<\/em>. Le nouveau r\u00e8glement est entr\u00e9 en vigueur le 1<sup>er\u00a0<\/sup>mars 2002.<\/span><\/p>\n<p style=\"text-align: justify;\"><span style=\"font-size: 18pt;\">La premi\u00e8re r\u00e9union annuelle de mise en \u0153uvre du comit\u00e9 de la rivi\u00e8re Pokemouche a eu lieu le 13 novembre 2001. Ainsi naissait le Comit\u00e9 de Gestion Environnementale de la Rivi\u00e8re Pokemouche Inc. (CGERP)<\/span><\/p>\n<p style=\"text-align: justify;\"><span style=\"font-size: 18pt;\">En mars 2002, le Comit\u00e9 de Gestion Environnementale de la Rivi\u00e8re Pokemouche Inc. remettait son premier rapport au MEGL. Ce rapport d\u2019\u00e9tape portait notamment sur la structure, le fonctionnement du comit\u00e9, sur la participation du public et sur les r\u00e9sultats et les discussions pr\u00e9liminaires des premi\u00e8res analyses.<\/span><\/p>\n<p style=\"text-align: justify;\"><span style=\"font-size: 18pt;\">G\u00e9n\u00e9ralement, l\u2019organisme, qui a pour mandat de mener un exercice de classification provisoire des cours d\u2019eau en son territoire, doit remettre un rapport final sur la classification provisoire des cours d\u2019eau de leur bassin versant au Ministre de l\u2019Environnement et des Gouvernements locaux de la province d\u00e8s la deuxi\u00e8me ann\u00e9e.<\/span><\/p>\n\n\t\t\t\t\t<\/div><\/div>[\/vc_column][\/vc_row]\n","protected":false},"excerpt":{"rendered":"<p>[vc_row][vc_column][\/vc_column][\/vc_row]<\/p>\n","protected":false},"author":1,"featured_media":0,"parent":0,"menu_order":0,"comment_status":"closed","ping_status":"closed","template":"","meta":[],"yoast_head":"<!-- This site is optimized with the Yoast SEO plugin v20.8 - https:\/\/yoast.com\/wordpress\/plugins\/seo\/ -->\n<title>Historique - CGERP Inc.<\/title>\n<meta name=\"robots\" content=\"index, follow, max-snippet:-1, max-image-preview:large, max-video-preview:-1\" \/>\n<link rel=\"canonical\" href=\"https:\/\/cgerp.ca\/wordpress\/historique\/\" \/>\n<meta property=\"og:locale\" content=\"en_US\" \/>\n<meta property=\"og:type\" content=\"article\" \/>\n<meta property=\"og:title\" content=\"Historique - CGERP Inc.\" \/>\n<meta property=\"og:description\" content=\"[vc_row][vc_column][\/vc_column][\/vc_row]\" \/>\n<meta property=\"og:url\" content=\"https:\/\/cgerp.ca\/wordpress\/historique\/\" \/>\n<meta property=\"og:site_name\" content=\"CGERP Inc.\" \/>\n<meta property=\"article:publisher\" content=\"https:\/\/www.facebook.com\/profile.php?id=100064328066871\" \/>\n<meta property=\"article:modified_time\" content=\"2025-09-22T17:19:10+00:00\" \/>\n<meta name=\"twitter:card\" content=\"summary_large_image\" \/>\n<meta name=\"twitter:label1\" content=\"Est. reading time\" \/>\n\t<meta name=\"twitter:data1\" content=\"2 minutes\" \/>\n<script type=\"application\/ld+json\" class=\"yoast-schema-graph\">{\"@context\":\"https:\/\/schema.org\",\"@graph\":[{\"@type\":\"WebPage\",\"@id\":\"https:\/\/cgerp.ca\/wordpress\/historique\/\",\"url\":\"https:\/\/cgerp.ca\/wordpress\/historique\/\",\"name\":\"Historique - CGERP Inc.\",\"isPartOf\":{\"@id\":\"https:\/\/cgerp.ca\/wordpress\/#website\"},\"datePublished\":\"2021-02-14T17:54:47+00:00\",\"dateModified\":\"2025-09-22T17:19:10+00:00\",\"breadcrumb\":{\"@id\":\"https:\/\/cgerp.ca\/wordpress\/historique\/#breadcrumb\"},\"inLanguage\":\"en-US\",\"potentialAction\":[{\"@type\":\"ReadAction\",\"target\":[\"https:\/\/cgerp.ca\/wordpress\/historique\/\"]}]},{\"@type\":\"BreadcrumbList\",\"@id\":\"https:\/\/cgerp.ca\/wordpress\/historique\/#breadcrumb\",\"itemListElement\":[{\"@type\":\"ListItem\",\"position\":1,\"name\":\"Home\",\"item\":\"https:\/\/cgerp.ca\/wordpress\/\"},{\"@type\":\"ListItem\",\"position\":2,\"name\":\"Historique\"}]},{\"@type\":\"WebSite\",\"@id\":\"https:\/\/cgerp.ca\/wordpress\/#website\",\"url\":\"https:\/\/cgerp.ca\/wordpress\/\",\"name\":\"CGERP Inc.\",\"description\":\"Le bassin versant de la rivi\u00e8re Pokemouche est situ\u00e9 dans le Nord-Est du Nouveau-Brunswick \u00e0 l\u2019int\u00e9rieur de la r\u00e9gion appel\u00e9e la P\u00e9ninsule Acadienne.\",\"publisher\":{\"@id\":\"https:\/\/cgerp.ca\/wordpress\/#organization\"},\"potentialAction\":[{\"@type\":\"SearchAction\",\"target\":{\"@type\":\"EntryPoint\",\"urlTemplate\":\"https:\/\/cgerp.ca\/wordpress\/?s={search_term_string}\"},\"query-input\":\"required name=search_term_string\"}],\"inLanguage\":\"en-US\"},{\"@type\":\"Organization\",\"@id\":\"https:\/\/cgerp.ca\/wordpress\/#organization\",\"name\":\"CGERP Inc.\",\"url\":\"https:\/\/cgerp.ca\/wordpress\/\",\"logo\":{\"@type\":\"ImageObject\",\"inLanguage\":\"en-US\",\"@id\":\"https:\/\/cgerp.ca\/wordpress\/#\/schema\/logo\/image\/\",\"url\":\"https:\/\/cgerp.ca\/wordpress\/wp-content\/uploads\/2021\/02\/cgerp-new-logo-2021-d.png\",\"contentUrl\":\"https:\/\/cgerp.ca\/wordpress\/wp-content\/uploads\/2021\/02\/cgerp-new-logo-2021-d.png\",\"width\":446,\"height\":200,\"caption\":\"CGERP Inc.\"},\"image\":{\"@id\":\"https:\/\/cgerp.ca\/wordpress\/#\/schema\/logo\/image\/\"},\"sameAs\":[\"https:\/\/www.facebook.com\/profile.php?id=100064328066871\"]}]}<\/script>\n<!-- \/ Yoast SEO plugin. -->","yoast_head_json":{"title":"Historique - CGERP Inc.","robots":{"index":"index","follow":"follow","max-snippet":"max-snippet:-1","max-image-preview":"max-image-preview:large","max-video-preview":"max-video-preview:-1"},"canonical":"https:\/\/cgerp.ca\/wordpress\/historique\/","og_locale":"en_US","og_type":"article","og_title":"Historique - CGERP Inc.","og_description":"[vc_row][vc_column][\/vc_column][\/vc_row]","og_url":"https:\/\/cgerp.ca\/wordpress\/historique\/","og_site_name":"CGERP Inc.","article_publisher":"https:\/\/www.facebook.com\/profile.php?id=100064328066871","article_modified_time":"2025-09-22T17:19:10+00:00","twitter_card":"summary_large_image","twitter_misc":{"Est. reading time":"2 minutes"},"schema":{"@context":"https:\/\/schema.org","@graph":[{"@type":"WebPage","@id":"https:\/\/cgerp.ca\/wordpress\/historique\/","url":"https:\/\/cgerp.ca\/wordpress\/historique\/","name":"Historique - CGERP Inc.","isPartOf":{"@id":"https:\/\/cgerp.ca\/wordpress\/#website"},"datePublished":"2021-02-14T17:54:47+00:00","dateModified":"2025-09-22T17:19:10+00:00","breadcrumb":{"@id":"https:\/\/cgerp.ca\/wordpress\/historique\/#breadcrumb"},"inLanguage":"en-US","potentialAction":[{"@type":"ReadAction","target":["https:\/\/cgerp.ca\/wordpress\/historique\/"]}]},{"@type":"BreadcrumbList","@id":"https:\/\/cgerp.ca\/wordpress\/historique\/#breadcrumb","itemListElement":[{"@type":"ListItem","position":1,"name":"Home","item":"https:\/\/cgerp.ca\/wordpress\/"},{"@type":"ListItem","position":2,"name":"Historique"}]},{"@type":"WebSite","@id":"https:\/\/cgerp.ca\/wordpress\/#website","url":"https:\/\/cgerp.ca\/wordpress\/","name":"CGERP Inc.","description":"Le bassin versant de la rivi\u00e8re Pokemouche est situ\u00e9 dans le Nord-Est du Nouveau-Brunswick \u00e0 l\u2019int\u00e9rieur de la r\u00e9gion appel\u00e9e la P\u00e9ninsule Acadienne.","publisher":{"@id":"https:\/\/cgerp.ca\/wordpress\/#organization"},"potentialAction":[{"@type":"SearchAction","target":{"@type":"EntryPoint","urlTemplate":"https:\/\/cgerp.ca\/wordpress\/?s={search_term_string}"},"query-input":"required name=search_term_string"}],"inLanguage":"en-US"},{"@type":"Organization","@id":"https:\/\/cgerp.ca\/wordpress\/#organization","name":"CGERP Inc.","url":"https:\/\/cgerp.ca\/wordpress\/","logo":{"@type":"ImageObject","inLanguage":"en-US","@id":"https:\/\/cgerp.ca\/wordpress\/#\/schema\/logo\/image\/","url":"https:\/\/cgerp.ca\/wordpress\/wp-content\/uploads\/2021\/02\/cgerp-new-logo-2021-d.png","contentUrl":"https:\/\/cgerp.ca\/wordpress\/wp-content\/uploads\/2021\/02\/cgerp-new-logo-2021-d.png","width":446,"height":200,"caption":"CGERP Inc."},"image":{"@id":"https:\/\/cgerp.ca\/wordpress\/#\/schema\/logo\/image\/"},"sameAs":["https:\/\/www.facebook.com\/profile.php?id=100064328066871"]}]}},"_links":{"self":[{"href":"https:\/\/cgerp.ca\/wordpress\/wp-json\/wp\/v2\/pages\/2093"}],"collection":[{"href":"https:\/\/cgerp.ca\/wordpress\/wp-json\/wp\/v2\/pages"}],"about":[{"href":"https:\/\/cgerp.ca\/wordpress\/wp-json\/wp\/v2\/types\/page"}],"author":[{"embeddable":true,"href":"https:\/\/cgerp.ca\/wordpress\/wp-json\/wp\/v2\/users\/1"}],"replies":[{"embeddable":true,"href":"https:\/\/cgerp.ca\/wordpress\/wp-json\/wp\/v2\/comments?post=2093"}],"version-history":[{"count":7,"href":"https:\/\/cgerp.ca\/wordpress\/wp-json\/wp\/v2\/pages\/2093\/revisions"}],"predecessor-version":[{"id":2393,"href":"https:\/\/cgerp.ca\/wordpress\/wp-json\/wp\/v2\/pages\/2093\/revisions\/2393"}],"wp:attachment":[{"href":"https:\/\/cgerp.ca\/wordpress\/wp-json\/wp\/v2\/media?parent=2093"}],"curies":[{"name":"wp","href":"https:\/\/api.w.org\/{rel}","templated":true}]}}