{"id":2100,"date":"2021-02-14T14:01:05","date_gmt":"2021-02-14T18:01:05","guid":{"rendered":"https:\/\/cgerp.ca\/wordpress\/?page_id=2100"},"modified":"2025-09-22T12:59:27","modified_gmt":"2025-09-22T16:59:27","slug":"conseil-administration","status":"publish","type":"page","link":"https:\/\/cgerp.ca\/wordpress\/conseil-administration\/","title":{"rendered":"Conseil d&#8217;administration"},"content":{"rendered":"[vc_row][vc_column]<div  class=\"swmsc_fancy_heading swmsc_fancy_heading_center fh_icon_users\" style=\"margin-top:;margin-bottom:40px;\">\n\t\t\t\t\t\t<div class=\"swmsc_fancy_heading_text\" style=\"font-size:30px;line-height:36px;\">\n\t\t\t\t\t\t\t<span style=\"color: #000000;\">Membres du conseil d\u2019administration (avril 2025 \/ mars 2026)<\/span>\n\t\t\t\t\t\t\t<div class=\"swmsc_fancy_heading_border\">\n\t\t\t\t\t\t\t\t<span class=\"swmsc_fancy_heading_border1\" style=\"background:#36ace2;\"><\/span>\n\t\t\t\t\t\t\t\t<span class=\"swmsc_fancy_heading_border2\" style=\"background:#36ace2;\"><\/span>\n\t\t\t\t\t\t\t\t<span class=\"swmsc_fancy_heading_icon\"><i class=\"fa fa-users\"  style=\"color:#000000;\"><\/i><\/span>\n\t\t\t\t\t\t\t<\/div>\n\t\t\t\t\t\t<\/div>\n\t\t\t\t\t<\/div>[\/vc_column][\/vc_row][vc_row][vc_column width=&#8221;1\/2&#8243;][vc_single_image image=&#8221;2113&#8243; alignment=&#8221;center&#8221; style=&#8221;vc_box_shadow&#8221; css_animation=&#8221;fadeIn&#8221;]<div   >\n\t\t\t\t\t\t<div class=\"swmsc_team_member_small\">\n\t\t\t\t\t\t\t<div class=\"swmsc_team_member_small_content_holder\" >\n\t\t\t\t\t\t\t\t\n\t\t\t\t\t\t\t\t<div class=\"swmsc_team_member_small_content\" >\n\t\t\t\t\t\t\t\t\t<h5 style=\"font-size:27px;\">Alain Patoine<\/h5>\n\t\t\t\t\t\t\t\t\t<p style=\"font-size:17px;\">Pr\u00e9sident | UMCS<\/p>\n\t\t\t\t\t\t\t\t\t<div class=\"clear\"><\/div>\n\t\t\t\t\t\t\t\t<\/div>\n\t\t\t\t\t\t\t<\/div>\n\t\t\t\t\t\t<\/div>\n\t\t\t\t\t<\/div>[\/vc_column][vc_column width=&#8221;1\/2&#8243;][vc_single_image image=&#8221;2113&#8243; alignment=&#8221;center&#8221; style=&#8221;vc_box_shadow&#8221; css_animation=&#8221;fadeIn&#8221;]<div   >\n\t\t\t\t\t\t<div class=\"swmsc_team_member_small\">\n\t\t\t\t\t\t\t<div class=\"swmsc_team_member_small_content_holder\" >\n\t\t\t\t\t\t\t\t\n\t\t\t\t\t\t\t\t<div class=\"swmsc_team_member_small_content\" >\n\t\t\t\t\t\t\t\t\t<h5 style=\"font-size:27px;\">Caraine Godin-Poirier<\/h5>\n\t\t\t\t\t\t\t\t\t<p style=\"font-size:17px;\">Vice-pr\u00e9sidente | CSRPA<\/p>\n\t\t\t\t\t\t\t\t\t<div class=\"clear\"><\/div>\n\t\t\t\t\t\t\t\t<\/div>\n\t\t\t\t\t\t\t<\/div>\n\t\t\t\t\t\t<\/div>\n\t\t\t\t\t<\/div>[\/vc_column][\/vc_row][vc_row][vc_column width=&#8221;1\/2&#8243;][vc_single_image image=&#8221;2113&#8243; alignment=&#8221;center&#8221; style=&#8221;vc_box_shadow&#8221; css_animation=&#8221;fadeIn&#8221;]<div   >\n\t\t\t\t\t\t<div class=\"swmsc_team_member_small\">\n\t\t\t\t\t\t\t<div class=\"swmsc_team_member_small_content_holder\" >\n\t\t\t\t\t\t\t\t\n\t\t\t\t\t\t\t\t<div class=\"swmsc_team_member_small_content\" >\n\t\t\t\t\t\t\t\t\t<h5 style=\"font-size:27px;\">Andr\u00e9 Lebouthilier<\/h5>\n\t\t\t\t\t\t\t\t\t<p style=\"font-size:17px;\">Secr\u00e9taire-Tr\u00e9sorier<\/p>\n\t\t\t\t\t\t\t\t\t<div class=\"clear\"><\/div>\n\t\t\t\t\t\t\t\t<\/div>\n\t\t\t\t\t\t\t<\/div>\n\t\t\t\t\t\t<\/div>\n\t\t\t\t\t<\/div>[\/vc_column][vc_column width=&#8221;1\/2&#8243;][vc_single_image image=&#8221;2113&#8243; alignment=&#8221;center&#8221; style=&#8221;vc_box_shadow&#8221; css_animation=&#8221;fadeIn&#8221;]<div   >\n\t\t\t\t\t\t<div class=\"swmsc_team_member_small\">\n\t\t\t\t\t\t\t<div class=\"swmsc_team_member_small_content_holder\" >\n\t\t\t\t\t\t\t\t\n\t\t\t\t\t\t\t\t<div class=\"swmsc_team_member_small_content\" >\n\t\t\t\t\t\t\t\t\t<h5 style=\"font-size:27px;\">Rodrigue Hach\u00e9<\/h5>\n\t\t\t\t\t\t\t\t\t<p style=\"font-size:17px;\">Pr\u00e9sident sortant<\/p>\n\t\t\t\t\t\t\t\t\t<div class=\"clear\"><\/div>\n\t\t\t\t\t\t\t\t<\/div>\n\t\t\t\t\t\t\t<\/div>\n\t\t\t\t\t\t<\/div>\n\t\t\t\t\t<\/div>[\/vc_column][\/vc_row][vc_row][vc_column width=&#8221;1\/2&#8243;][vc_single_image image=&#8221;2113&#8243; alignment=&#8221;center&#8221; style=&#8221;vc_box_shadow&#8221; css_animation=&#8221;fadeIn&#8221;]<div   >\n\t\t\t\t\t\t<div class=\"swmsc_team_member_small\">\n\t\t\t\t\t\t\t<div class=\"swmsc_team_member_small_content_holder\" >\n\t\t\t\t\t\t\t\t\n\t\t\t\t\t\t\t\t<div class=\"swmsc_team_member_small_content\" >\n\t\t\t\t\t\t\t\t\t<h5 style=\"font-size:27px;\">\u00c9tienne Cormier<\/h5>\n\t\t\t\t\t\t\t\t\t<p style=\"font-size:17px;\">Administrateur | Municipalit\u00e9 des Hautes-Terres<\/p>\n\t\t\t\t\t\t\t\t\t<div class=\"clear\"><\/div>\n\t\t\t\t\t\t\t\t<\/div>\n\t\t\t\t\t\t\t<\/div>\n\t\t\t\t\t\t<\/div>\n\t\t\t\t\t<\/div>[\/vc_column][vc_column width=&#8221;1\/2&#8243;][vc_single_image image=&#8221;2113&#8243; alignment=&#8221;center&#8221; style=&#8221;vc_box_shadow&#8221; css_animation=&#8221;fadeIn&#8221;]<div   >\n\t\t\t\t\t\t<div class=\"swmsc_team_member_small\">\n\t\t\t\t\t\t\t<div class=\"swmsc_team_member_small_content_holder\" >\n\t\t\t\t\t\t\t\t\n\t\t\t\t\t\t\t\t<div class=\"swmsc_team_member_small_content\" >\n\t\t\t\t\t\t\t\t\t<h5 style=\"font-size:27px;\">Alexandra Caissie<\/h5>\n\t\t\t\t\t\t\t\t\t<p style=\"font-size:17px;\">Administrateur | Municipalit\u00e9 r\u00e9gionale de Tracadie<\/p>\n\t\t\t\t\t\t\t\t\t<div class=\"clear\"><\/div>\n\t\t\t\t\t\t\t\t<\/div>\n\t\t\t\t\t\t\t<\/div>\n\t\t\t\t\t\t<\/div>\n\t\t\t\t\t<\/div>[\/vc_column][\/vc_row][vc_row][vc_column width=&#8221;1\/2&#8243;][vc_single_image image=&#8221;2113&#8243; alignment=&#8221;center&#8221; style=&#8221;vc_box_shadow&#8221; css_animation=&#8221;fadeIn&#8221;]<div   >\n\t\t\t\t\t\t<div class=\"swmsc_team_member_small\">\n\t\t\t\t\t\t\t<div class=\"swmsc_team_member_small_content_holder\" >\n\t\t\t\t\t\t\t\t\n\t\t\t\t\t\t\t\t<div class=\"swmsc_team_member_small_content\" >\n\t\t\t\t\t\t\t\t\t<h5 style=\"font-size:27px;\">Jean-Guy Robichaud<\/h5>\n\t\t\t\t\t\t\t\t\t<p style=\"font-size:17px;\">Administrateur | Aquaculture<\/p>\n\t\t\t\t\t\t\t\t\t<div class=\"clear\"><\/div>\n\t\t\t\t\t\t\t\t<\/div>\n\t\t\t\t\t\t\t<\/div>\n\t\t\t\t\t\t<\/div>\n\t\t\t\t\t<\/div>[\/vc_column][vc_column width=&#8221;1\/2&#8243;][vc_single_image image=&#8221;2113&#8243; alignment=&#8221;center&#8221; style=&#8221;vc_box_shadow&#8221; css_animation=&#8221;fadeIn&#8221;]<div   >\n\t\t\t\t\t\t<div class=\"swmsc_team_member_small\">\n\t\t\t\t\t\t\t<div class=\"swmsc_team_member_small_content_holder\" >\n\t\t\t\t\t\t\t\t\n\t\t\t\t\t\t\t\t<div class=\"swmsc_team_member_small_content\" >\n\t\t\t\t\t\t\t\t\t<h5 style=\"font-size:27px;\">Mireille Pinet<\/h5>\n\t\t\t\t\t\t\t\t\t<p style=\"font-size:17px;\">Administrateur<\/p>\n\t\t\t\t\t\t\t\t\t<div class=\"clear\"><\/div>\n\t\t\t\t\t\t\t\t<\/div>\n\t\t\t\t\t\t\t<\/div>\n\t\t\t\t\t\t<\/div>\n\t\t\t\t\t<\/div>[\/vc_column][\/vc_row][vc_row][vc_column width=&#8221;1\/2&#8243;][vc_single_image image=&#8221;2113&#8243; alignment=&#8221;center&#8221; style=&#8221;vc_box_shadow&#8221; css_animation=&#8221;fadeIn&#8221;]<div   >\n\t\t\t\t\t\t<div class=\"swmsc_team_member_small\">\n\t\t\t\t\t\t\t<div class=\"swmsc_team_member_small_content_holder\" >\n\t\t\t\t\t\t\t\t\n\t\t\t\t\t\t\t\t<div class=\"swmsc_team_member_small_content\" >\n\t\t\t\t\t\t\t\t\t<h5 style=\"font-size:27px;\">Jacques Boucher<\/h5>\n\t\t\t\t\t\t\t\t\t<p style=\"font-size:17px;\">Administrateur | Ville de Caraquet<\/p>\n\t\t\t\t\t\t\t\t\t<div class=\"clear\"><\/div>\n\t\t\t\t\t\t\t\t<\/div>\n\t\t\t\t\t\t\t<\/div>\n\t\t\t\t\t\t<\/div>\n\t\t\t\t\t<\/div>[\/vc_column][vc_column width=&#8221;1\/2&#8243;][vc_single_image image=&#8221;2113&#8243; alignment=&#8221;center&#8221; style=&#8221;vc_box_shadow&#8221; css_animation=&#8221;fadeIn&#8221;]<div   >\n\t\t\t\t\t\t<div class=\"swmsc_team_member_small\">\n\t\t\t\t\t\t\t<div class=\"swmsc_team_member_small_content_holder\" >\n\t\t\t\t\t\t\t\t\n\t\t\t\t\t\t\t\t<div class=\"swmsc_team_member_small_content\" >\n\t\t\t\t\t\t\t\t\t<h5 style=\"font-size:27px;\">Eda Roussel<\/h5>\n\t\t\t\t\t\t\t\t\t<p style=\"font-size:17px;\">Administrateur | Ville de Shippagan<\/p>\n\t\t\t\t\t\t\t\t\t<div class=\"clear\"><\/div>\n\t\t\t\t\t\t\t\t<\/div>\n\t\t\t\t\t\t\t<\/div>\n\t\t\t\t\t\t<\/div>\n\t\t\t\t\t<\/div>[\/vc_column][\/vc_row][vc_row][vc_column width=&#8221;1\/2&#8243;][vc_single_image image=&#8221;2113&#8243; alignment=&#8221;center&#8221; style=&#8221;vc_box_shadow&#8221; css_animation=&#8221;fadeIn&#8221;]<div   >\n\t\t\t\t\t\t<div class=\"swmsc_team_member_small\">\n\t\t\t\t\t\t\t<div class=\"swmsc_team_member_small_content_holder\" >\n\t\t\t\t\t\t\t\t\n\t\t\t\t\t\t\t\t<div class=\"swmsc_team_member_small_content\" >\n\t\t\t\t\t\t\t\t\t<h5 style=\"font-size:27px;\">Aubin Gauvin<\/h5>\n\t\t\t\t\t\t\t\t\t<p style=\"font-size:17px;\">Administrateur<\/p>\n\t\t\t\t\t\t\t\t\t<div class=\"clear\"><\/div>\n\t\t\t\t\t\t\t\t<\/div>\n\t\t\t\t\t\t\t<\/div>\n\t\t\t\t\t\t<\/div>\n\t\t\t\t\t<\/div>[\/vc_column][vc_column width=&#8221;1\/2&#8243;][vc_single_image image=&#8221;2113&#8243; alignment=&#8221;center&#8221; style=&#8221;vc_box_shadow&#8221; css_animation=&#8221;fadeIn&#8221;]<div   >\n\t\t\t\t\t\t<div class=\"swmsc_team_member_small\">\n\t\t\t\t\t\t\t<div class=\"swmsc_team_member_small_content_holder\" >\n\t\t\t\t\t\t\t\t\n\t\t\t\t\t\t\t\t<div class=\"swmsc_team_member_small_content\" >\n\t\t\t\t\t\t\t\t\t<h5 style=\"font-size:27px;\">Ga\u00ebl Dossou<\/h5>\n\t\t\t\t\t\t\t\t\t<p style=\"font-size:17px;\">Administrateur<\/p>\n\t\t\t\t\t\t\t\t\t<div class=\"clear\"><\/div>\n\t\t\t\t\t\t\t\t<\/div>\n\t\t\t\t\t\t\t<\/div>\n\t\t\t\t\t\t<\/div>\n\t\t\t\t\t<\/div>[\/vc_column][\/vc_row][vc_row][vc_column]<div  class=\"swmsc_fancy_heading swmsc_fancy_heading_center fh_icon_user\" style=\"margin-top:;margin-bottom:40px;\">\n\t\t\t\t\t\t<div class=\"swmsc_fancy_heading_text\" style=\"font-size:30px;line-height:36px;\">\n\t\t\t\t\t\t\t<span style=\"color: #000000;\">Liste des employ\u00e9s (avril 2025 \/ mars 2026)<\/span>\n\t\t\t\t\t\t\t<div class=\"swmsc_fancy_heading_border\">\n\t\t\t\t\t\t\t\t<span class=\"swmsc_fancy_heading_border1\" style=\"background:#36ace2;\"><\/span>\n\t\t\t\t\t\t\t\t<span class=\"swmsc_fancy_heading_border2\" style=\"background:#36ace2;\"><\/span>\n\t\t\t\t\t\t\t\t<span class=\"swmsc_fancy_heading_icon\"><i class=\"fa fa-user\"  style=\"color:#000000;\"><\/i><\/span>\n\t\t\t\t\t\t\t<\/div>\n\t\t\t\t\t\t<\/div>\n\t\t\t\t\t<\/div>[\/vc_column][\/vc_row][vc_row][vc_column][vc_single_image image=&#8221;2113&#8243; alignment=&#8221;center&#8221; style=&#8221;vc_box_shadow&#8221; css_animation=&#8221;fadeIn&#8221;]<div   >\n\t\t\t\t\t\t<div class=\"swmsc_team_member_small\">\n\t\t\t\t\t\t\t<div class=\"swmsc_team_member_small_content_holder\" >\n\t\t\t\t\t\t\t\t\n\t\t\t\t\t\t\t\t<div class=\"swmsc_team_member_small_content\" >\n\t\t\t\t\t\t\t\t\t<h5 style=\"font-size:27px;\">Jean-Luc Boudreau<\/h5>\n\t\t\t\t\t\t\t\t\t<p style=\"font-size:17px;\">Directeur G\u00e9n\u00e9ral<\/p>\n\t\t\t\t\t\t\t\t\t<div class=\"clear\"><\/div>\n\t\t\t\t\t\t\t\t<\/div>\n\t\t\t\t\t\t\t<\/div>\n\t\t\t\t\t\t<\/div>\n\t\t\t\t\t<\/div>[\/vc_column][\/vc_row]\n","protected":false},"excerpt":{"rendered":"<p>[vc_row][vc_column][\/vc_column][\/vc_row][vc_row][vc_column width=&#8221;1\/2&#8243;][vc_single_image image=&#8221;2113&#8243; alignment=&#8221;center&#8221; style=&#8221;vc_box_shadow&#8221; css_animation=&#8221;fadeIn&#8221;][\/vc_column][vc_column width=&#8221;1\/2&#8243;][vc_single_image image=&#8221;2113&#8243; alignment=&#8221;center&#8221; style=&#8221;vc_box_shadow&#8221; css_animation=&#8221;fadeIn&#8221;][\/vc_column][\/vc_row][vc_row][vc_column width=&#8221;1\/2&#8243;][vc_single_image image=&#8221;2113&#8243; alignment=&#8221;center&#8221; style=&#8221;vc_box_shadow&#8221; css_animation=&#8221;fadeIn&#8221;][\/vc_column][vc_column width=&#8221;1\/2&#8243;][vc_single_image image=&#8221;2113&#8243; alignment=&#8221;center&#8221; style=&#8221;vc_box_shadow&#8221; css_animation=&#8221;fadeIn&#8221;][\/vc_column][\/vc_row][vc_row][vc_column width=&#8221;1\/2&#8243;][vc_single_image image=&#8221;2113&#8243; alignment=&#8221;center&#8221; style=&#8221;vc_box_shadow&#8221; css_animation=&#8221;fadeIn&#8221;][\/vc_column][vc_column width=&#8221;1\/2&#8243;][vc_single_image image=&#8221;2113&#8243; alignment=&#8221;center&#8221; style=&#8221;vc_box_shadow&#8221; css_animation=&#8221;fadeIn&#8221;][\/vc_column][\/vc_row][vc_row][vc_column width=&#8221;1\/2&#8243;][vc_single_image image=&#8221;2113&#8243; alignment=&#8221;center&#8221; style=&#8221;vc_box_shadow&#8221; css_animation=&#8221;fadeIn&#8221;][\/vc_column][vc_column width=&#8221;1\/2&#8243;][vc_single_image image=&#8221;2113&#8243; alignment=&#8221;center&#8221; style=&#8221;vc_box_shadow&#8221; css_animation=&#8221;fadeIn&#8221;][\/vc_column][\/vc_row][vc_row][vc_column width=&#8221;1\/2&#8243;][vc_single_image image=&#8221;2113&#8243; alignment=&#8221;center&#8221; style=&#8221;vc_box_shadow&#8221; css_animation=&#8221;fadeIn&#8221;][\/vc_column][vc_column width=&#8221;1\/2&#8243;][vc_single_image image=&#8221;2113&#8243; alignment=&#8221;center&#8221; style=&#8221;vc_box_shadow&#8221; [&hellip;]<\/p>\n","protected":false},"author":1,"featured_media":0,"parent":0,"menu_order":0,"comment_status":"closed","ping_status":"closed","template":"","meta":[],"yoast_head":"<!-- This site is optimized with the Yoast SEO plugin v20.8 - https:\/\/yoast.com\/wordpress\/plugins\/seo\/ -->\n<title>Conseil d&#039;administration - CGERP Inc.<\/title>\n<meta name=\"robots\" content=\"index, follow, max-snippet:-1, max-image-preview:large, max-video-preview:-1\" \/>\n<link rel=\"canonical\" href=\"https:\/\/cgerp.ca\/wordpress\/conseil-administration\/\" \/>\n<meta property=\"og:locale\" content=\"en_US\" \/>\n<meta property=\"og:type\" content=\"article\" \/>\n<meta property=\"og:title\" content=\"Conseil d&#039;administration - CGERP Inc.\" \/>\n<meta property=\"og:description\" content=\"[vc_row][vc_column][\/vc_column][\/vc_row][vc_row][vc_column width=&#8221;1\/2&#8243;][vc_single_image image=&#8221;2113&#8243; alignment=&#8221;center&#8221; style=&#8221;vc_box_shadow&#8221; css_animation=&#8221;fadeIn&#8221;][\/vc_column][vc_column width=&#8221;1\/2&#8243;][vc_single_image image=&#8221;2113&#8243; alignment=&#8221;center&#8221; style=&#8221;vc_box_shadow&#8221; css_animation=&#8221;fadeIn&#8221;][\/vc_column][\/vc_row][vc_row][vc_column width=&#8221;1\/2&#8243;][vc_single_image image=&#8221;2113&#8243; alignment=&#8221;center&#8221; style=&#8221;vc_box_shadow&#8221; css_animation=&#8221;fadeIn&#8221;][\/vc_column][vc_column width=&#8221;1\/2&#8243;][vc_single_image image=&#8221;2113&#8243; alignment=&#8221;center&#8221; style=&#8221;vc_box_shadow&#8221; css_animation=&#8221;fadeIn&#8221;][\/vc_column][\/vc_row][vc_row][vc_column width=&#8221;1\/2&#8243;][vc_single_image image=&#8221;2113&#8243; alignment=&#8221;center&#8221; style=&#8221;vc_box_shadow&#8221; css_animation=&#8221;fadeIn&#8221;][\/vc_column][vc_column width=&#8221;1\/2&#8243;][vc_single_image image=&#8221;2113&#8243; alignment=&#8221;center&#8221; style=&#8221;vc_box_shadow&#8221; css_animation=&#8221;fadeIn&#8221;][\/vc_column][\/vc_row][vc_row][vc_column width=&#8221;1\/2&#8243;][vc_single_image image=&#8221;2113&#8243; alignment=&#8221;center&#8221; style=&#8221;vc_box_shadow&#8221; css_animation=&#8221;fadeIn&#8221;][\/vc_column][vc_column width=&#8221;1\/2&#8243;][vc_single_image image=&#8221;2113&#8243; alignment=&#8221;center&#8221; style=&#8221;vc_box_shadow&#8221; css_animation=&#8221;fadeIn&#8221;][\/vc_column][\/vc_row][vc_row][vc_column width=&#8221;1\/2&#8243;][vc_single_image image=&#8221;2113&#8243; alignment=&#8221;center&#8221; style=&#8221;vc_box_shadow&#8221; css_animation=&#8221;fadeIn&#8221;][\/vc_column][vc_column width=&#8221;1\/2&#8243;][vc_single_image image=&#8221;2113&#8243; alignment=&#8221;center&#8221; style=&#8221;vc_box_shadow&#8221; [&hellip;]\" \/>\n<meta property=\"og:url\" content=\"https:\/\/cgerp.ca\/wordpress\/conseil-administration\/\" \/>\n<meta property=\"og:site_name\" content=\"CGERP Inc.\" \/>\n<meta property=\"article:publisher\" content=\"https:\/\/www.facebook.com\/profile.php?id=100064328066871\" \/>\n<meta property=\"article:modified_time\" content=\"2025-09-22T16:59:27+00:00\" \/>\n<meta name=\"twitter:card\" content=\"summary_large_image\" \/>\n<meta name=\"twitter:label1\" content=\"Est. reading time\" \/>\n\t<meta name=\"twitter:data1\" content=\"1 minute\" \/>\n<script type=\"application\/ld+json\" class=\"yoast-schema-graph\">{\"@context\":\"https:\/\/schema.org\",\"@graph\":[{\"@type\":\"WebPage\",\"@id\":\"https:\/\/cgerp.ca\/wordpress\/conseil-administration\/\",\"url\":\"https:\/\/cgerp.ca\/wordpress\/conseil-administration\/\",\"name\":\"Conseil d'administration - CGERP Inc.\",\"isPartOf\":{\"@id\":\"https:\/\/cgerp.ca\/wordpress\/#website\"},\"datePublished\":\"2021-02-14T18:01:05+00:00\",\"dateModified\":\"2025-09-22T16:59:27+00:00\",\"breadcrumb\":{\"@id\":\"https:\/\/cgerp.ca\/wordpress\/conseil-administration\/#breadcrumb\"},\"inLanguage\":\"en-US\",\"potentialAction\":[{\"@type\":\"ReadAction\",\"target\":[\"https:\/\/cgerp.ca\/wordpress\/conseil-administration\/\"]}]},{\"@type\":\"BreadcrumbList\",\"@id\":\"https:\/\/cgerp.ca\/wordpress\/conseil-administration\/#breadcrumb\",\"itemListElement\":[{\"@type\":\"ListItem\",\"position\":1,\"name\":\"Home\",\"item\":\"https:\/\/cgerp.ca\/wordpress\/\"},{\"@type\":\"ListItem\",\"position\":2,\"name\":\"Conseil d&#8217;administration\"}]},{\"@type\":\"WebSite\",\"@id\":\"https:\/\/cgerp.ca\/wordpress\/#website\",\"url\":\"https:\/\/cgerp.ca\/wordpress\/\",\"name\":\"CGERP Inc.\",\"description\":\"Le bassin versant de la rivi\u00e8re Pokemouche est situ\u00e9 dans le Nord-Est du Nouveau-Brunswick \u00e0 l\u2019int\u00e9rieur de la r\u00e9gion appel\u00e9e la P\u00e9ninsule Acadienne.\",\"publisher\":{\"@id\":\"https:\/\/cgerp.ca\/wordpress\/#organization\"},\"potentialAction\":[{\"@type\":\"SearchAction\",\"target\":{\"@type\":\"EntryPoint\",\"urlTemplate\":\"https:\/\/cgerp.ca\/wordpress\/?s={search_term_string}\"},\"query-input\":\"required name=search_term_string\"}],\"inLanguage\":\"en-US\"},{\"@type\":\"Organization\",\"@id\":\"https:\/\/cgerp.ca\/wordpress\/#organization\",\"name\":\"CGERP Inc.\",\"url\":\"https:\/\/cgerp.ca\/wordpress\/\",\"logo\":{\"@type\":\"ImageObject\",\"inLanguage\":\"en-US\",\"@id\":\"https:\/\/cgerp.ca\/wordpress\/#\/schema\/logo\/image\/\",\"url\":\"https:\/\/cgerp.ca\/wordpress\/wp-content\/uploads\/2021\/02\/cgerp-new-logo-2021-d.png\",\"contentUrl\":\"https:\/\/cgerp.ca\/wordpress\/wp-content\/uploads\/2021\/02\/cgerp-new-logo-2021-d.png\",\"width\":446,\"height\":200,\"caption\":\"CGERP Inc.\"},\"image\":{\"@id\":\"https:\/\/cgerp.ca\/wordpress\/#\/schema\/logo\/image\/\"},\"sameAs\":[\"https:\/\/www.facebook.com\/profile.php?id=100064328066871\"]}]}<\/script>\n<!-- \/ Yoast SEO plugin. -->","yoast_head_json":{"title":"Conseil d'administration - CGERP Inc.","robots":{"index":"index","follow":"follow","max-snippet":"max-snippet:-1","max-image-preview":"max-image-preview:large","max-video-preview":"max-video-preview:-1"},"canonical":"https:\/\/cgerp.ca\/wordpress\/conseil-administration\/","og_locale":"en_US","og_type":"article","og_title":"Conseil d'administration - CGERP Inc.","og_description":"[vc_row][vc_column][\/vc_column][\/vc_row][vc_row][vc_column width=&#8221;1\/2&#8243;][vc_single_image image=&#8221;2113&#8243; alignment=&#8221;center&#8221; style=&#8221;vc_box_shadow&#8221; css_animation=&#8221;fadeIn&#8221;][\/vc_column][vc_column width=&#8221;1\/2&#8243;][vc_single_image image=&#8221;2113&#8243; alignment=&#8221;center&#8221; style=&#8221;vc_box_shadow&#8221; css_animation=&#8221;fadeIn&#8221;][\/vc_column][\/vc_row][vc_row][vc_column width=&#8221;1\/2&#8243;][vc_single_image image=&#8221;2113&#8243; alignment=&#8221;center&#8221; style=&#8221;vc_box_shadow&#8221; css_animation=&#8221;fadeIn&#8221;][\/vc_column][vc_column width=&#8221;1\/2&#8243;][vc_single_image image=&#8221;2113&#8243; alignment=&#8221;center&#8221; style=&#8221;vc_box_shadow&#8221; css_animation=&#8221;fadeIn&#8221;][\/vc_column][\/vc_row][vc_row][vc_column width=&#8221;1\/2&#8243;][vc_single_image image=&#8221;2113&#8243; alignment=&#8221;center&#8221; style=&#8221;vc_box_shadow&#8221; css_animation=&#8221;fadeIn&#8221;][\/vc_column][vc_column width=&#8221;1\/2&#8243;][vc_single_image image=&#8221;2113&#8243; alignment=&#8221;center&#8221; style=&#8221;vc_box_shadow&#8221; css_animation=&#8221;fadeIn&#8221;][\/vc_column][\/vc_row][vc_row][vc_column width=&#8221;1\/2&#8243;][vc_single_image image=&#8221;2113&#8243; alignment=&#8221;center&#8221; style=&#8221;vc_box_shadow&#8221; css_animation=&#8221;fadeIn&#8221;][\/vc_column][vc_column width=&#8221;1\/2&#8243;][vc_single_image image=&#8221;2113&#8243; alignment=&#8221;center&#8221; style=&#8221;vc_box_shadow&#8221; css_animation=&#8221;fadeIn&#8221;][\/vc_column][\/vc_row][vc_row][vc_column width=&#8221;1\/2&#8243;][vc_single_image image=&#8221;2113&#8243; alignment=&#8221;center&#8221; style=&#8221;vc_box_shadow&#8221; css_animation=&#8221;fadeIn&#8221;][\/vc_column][vc_column width=&#8221;1\/2&#8243;][vc_single_image image=&#8221;2113&#8243; alignment=&#8221;center&#8221; style=&#8221;vc_box_shadow&#8221; [&hellip;]","og_url":"https:\/\/cgerp.ca\/wordpress\/conseil-administration\/","og_site_name":"CGERP Inc.","article_publisher":"https:\/\/www.facebook.com\/profile.php?id=100064328066871","article_modified_time":"2025-09-22T16:59:27+00:00","twitter_card":"summary_large_image","twitter_misc":{"Est. reading time":"1 minute"},"schema":{"@context":"https:\/\/schema.org","@graph":[{"@type":"WebPage","@id":"https:\/\/cgerp.ca\/wordpress\/conseil-administration\/","url":"https:\/\/cgerp.ca\/wordpress\/conseil-administration\/","name":"Conseil d'administration - CGERP Inc.","isPartOf":{"@id":"https:\/\/cgerp.ca\/wordpress\/#website"},"datePublished":"2021-02-14T18:01:05+00:00","dateModified":"2025-09-22T16:59:27+00:00","breadcrumb":{"@id":"https:\/\/cgerp.ca\/wordpress\/conseil-administration\/#breadcrumb"},"inLanguage":"en-US","potentialAction":[{"@type":"ReadAction","target":["https:\/\/cgerp.ca\/wordpress\/conseil-administration\/"]}]},{"@type":"BreadcrumbList","@id":"https:\/\/cgerp.ca\/wordpress\/conseil-administration\/#breadcrumb","itemListElement":[{"@type":"ListItem","position":1,"name":"Home","item":"https:\/\/cgerp.ca\/wordpress\/"},{"@type":"ListItem","position":2,"name":"Conseil d&#8217;administration"}]},{"@type":"WebSite","@id":"https:\/\/cgerp.ca\/wordpress\/#website","url":"https:\/\/cgerp.ca\/wordpress\/","name":"CGERP Inc.","description":"Le bassin versant de la rivi\u00e8re Pokemouche est situ\u00e9 dans le Nord-Est du Nouveau-Brunswick \u00e0 l\u2019int\u00e9rieur de la r\u00e9gion appel\u00e9e la P\u00e9ninsule Acadienne.","publisher":{"@id":"https:\/\/cgerp.ca\/wordpress\/#organization"},"potentialAction":[{"@type":"SearchAction","target":{"@type":"EntryPoint","urlTemplate":"https:\/\/cgerp.ca\/wordpress\/?s={search_term_string}"},"query-input":"required name=search_term_string"}],"inLanguage":"en-US"},{"@type":"Organization","@id":"https:\/\/cgerp.ca\/wordpress\/#organization","name":"CGERP Inc.","url":"https:\/\/cgerp.ca\/wordpress\/","logo":{"@type":"ImageObject","inLanguage":"en-US","@id":"https:\/\/cgerp.ca\/wordpress\/#\/schema\/logo\/image\/","url":"https:\/\/cgerp.ca\/wordpress\/wp-content\/uploads\/2021\/02\/cgerp-new-logo-2021-d.png","contentUrl":"https:\/\/cgerp.ca\/wordpress\/wp-content\/uploads\/2021\/02\/cgerp-new-logo-2021-d.png","width":446,"height":200,"caption":"CGERP Inc."},"image":{"@id":"https:\/\/cgerp.ca\/wordpress\/#\/schema\/logo\/image\/"},"sameAs":["https:\/\/www.facebook.com\/profile.php?id=100064328066871"]}]}},"_links":{"self":[{"href":"https:\/\/cgerp.ca\/wordpress\/wp-json\/wp\/v2\/pages\/2100"}],"collection":[{"href":"https:\/\/cgerp.ca\/wordpress\/wp-json\/wp\/v2\/pages"}],"about":[{"href":"https:\/\/cgerp.ca\/wordpress\/wp-json\/wp\/v2\/types\/page"}],"author":[{"embeddable":true,"href":"https:\/\/cgerp.ca\/wordpress\/wp-json\/wp\/v2\/users\/1"}],"replies":[{"embeddable":true,"href":"https:\/\/cgerp.ca\/wordpress\/wp-json\/wp\/v2\/comments?post=2100"}],"version-history":[{"count":41,"href":"https:\/\/cgerp.ca\/wordpress\/wp-json\/wp\/v2\/pages\/2100\/revisions"}],"predecessor-version":[{"id":2389,"href":"https:\/\/cgerp.ca\/wordpress\/wp-json\/wp\/v2\/pages\/2100\/revisions\/2389"}],"wp:attachment":[{"href":"https:\/\/cgerp.ca\/wordpress\/wp-json\/wp\/v2\/media?parent=2100"}],"curies":[{"name":"wp","href":"https:\/\/api.w.org\/{rel}","templated":true}]}}