{"id":2195,"date":"2021-02-16T10:20:43","date_gmt":"2021-02-16T14:20:43","guid":{"rendered":"https:\/\/cgerp.ca\/wordpress\/?page_id=2195"},"modified":"2021-02-16T14:59:01","modified_gmt":"2021-02-16T18:59:01","slug":"zones-tampons","status":"publish","type":"page","link":"https:\/\/cgerp.ca\/wordpress\/zones-tampons\/","title":{"rendered":"Zones Tampons"},"content":{"rendered":"[vc_row][vc_column]<div  class=\"swmsc_fancy_heading swmsc_fancy_heading_center fh_icon_area-chart\" style=\"margin-top:0px;margin-bottom:20px;\">\n\t\t\t\t\t\t<div class=\"swmsc_fancy_heading_text\" style=\"font-size:30px;line-height:36px;\">\n\t\t\t\t\t\t\t<span style=\"color: #000000;\">Zones Tampons<\/span>\n\t\t\t\t\t\t\t<div class=\"swmsc_fancy_heading_border\">\n\t\t\t\t\t\t\t\t<span class=\"swmsc_fancy_heading_border1\" style=\"background:#36ace2;\"><\/span>\n\t\t\t\t\t\t\t\t<span class=\"swmsc_fancy_heading_border2\" style=\"background:#36ace2;\"><\/span>\n\t\t\t\t\t\t\t\t<span class=\"swmsc_fancy_heading_icon\"><i class=\"fa fa-area-chart\"  style=\"color:#000000;\"><\/i><\/span>\n\t\t\t\t\t\t\t<\/div>\n\t\t\t\t\t\t<\/div>\n\t\t\t\t\t<\/div><div   ><div style=\"font-size:22px; color:; font-weight:normal; line-height:22px;\">\n\t\t\t\t\t\n<p style=\"text-align: justify;\"><span style=\"font-size: 16pt;\"><strong>L\u2019importance des zones tampons\u00a0:\u00a0<\/strong>Les zones tampons sont des endroits vitaux pour tous les cours d\u2019eau et offre des services \u00e9co syst\u00e9miques essentielles. On va commencer par d\u00e9finir c\u2019est quoi une zone tampon. Une zone tampon est la zone de v\u00e9g\u00e9tation qui compose les premiers 30 m de la berge, cette zone est habituellement compos\u00e9e de plantes indig\u00e8nes telles que des arbres, arbustes et plante herbac\u00e9e.<\/span><\/p>\n\n\t\t\t\t\t<\/div><\/div>[vc_single_image image=&#8221;1859&#8243; img_size=&#8221;medium&#8221; add_caption=&#8221;yes&#8221; alignment=&#8221;center&#8221; style=&#8221;vc_box_shadow&#8221; onclick=&#8221;link_image&#8221; css=&#8221;.vc_custom_1613487897878{padding-bottom: 24px !important;}&#8221;]<div   ><div style=\"font-size:22px; color:; font-weight:normal; line-height:22px;\">\n\t\t\t\t\t\n<p style=\"text-align: justify;\"><span style=\"font-size: 16pt;\">Cette section de la rivi\u00e8re est importante, puisque les racines de ces plantes maintiennent le sol ensemble, ce qui permet de diminuer consid\u00e9rablement les probl\u00e8mes d\u2019\u00e9rosions et permet de filtrer tout produit chimique ou autre \u00e9l\u00e9ment organique en surplus qui pourrait s\u2019\u00e9couler dans nos cours d\u2019eau. Il est donc essentiel de pr\u00e9server cette partie de la rivi\u00e8re. Le 30 m pr\u00e9c\u00e9demment mentionn\u00e9 est la d\u00e9finition l\u00e9gale d\u2019une zone tampon, mais d\u00e9pendamment de la pente et de la nature du terrain, il serait possible que ce soit plus. Elle offre aussi un habitat indispensable pour la faune, dont plusieurs esp\u00e8ces d\u2019oiseaux, mammif\u00e8re aquatique et amphibiens en d\u00e9pendent.<\/span><\/p>\n\n\t\t\t\t\t<\/div><\/div><div   ><div style=\"font-size:22px; color:; font-weight:normal; line-height:22px;\">\n\t\t\t\t\t\n<p style=\"text-align: justify;\"><span style=\"font-size: 16pt;\"><strong>R\u00e9tablir et maintenir la zone tampon\u00a0:<\/strong>\u00a0l\u2019\u00e9rosion est un processus naturel, on ne peut pas totalement l\u2019\u00e9liminer. Cela dit, on peut travailler avec la nature pour en diminuer les effets au maximum. La premi\u00e8re chose \u00e0 faire est de pr\u00e9server toute v\u00e9g\u00e9tation \u00e0 l\u2019int\u00e9rieur du 30 m, les arbres et les plantes d\u00e9j\u00e0 pr\u00e9sentes sont probablement indig\u00e8ne de la r\u00e9gion et sont bien adapt\u00e9s aux climats locaux.<\/span><\/p>\n<p style=\"text-align: justify;\"><span style=\"font-size: 16pt;\">Il a des consid\u00e9rations \u00e0 prendre pour tout am\u00e9nagement dans cette zone. Par exemple\u00a0: si vous voulez un sentier pour acc\u00e9der \u00e0 la berge, \u00e9viter de le faire en ligne droite puisqu\u2019il pourrait avoir du ruissellement par \u00e9coulement, le sentier devrait alors serpenter jusqu\u2019\u00e0 la berge. Si vous souhaitez avoir une meilleure vue sur le plan d\u2019eau, prioriser l\u2019\u00e9lagage plut\u00f4t que de couper les arbres.<\/span><\/p>\n<p style=\"text-align: justify;\"><span style=\"font-size: 16pt;\">Aussi, \u00e9viter toute structure massive sur le long des berges tel que mur de b\u00e9ton ou quai en ciment qui pourrait accentuer le probl\u00e8me d\u2019\u00e9rosion. Dans ce cas \u2013ci, il serait pr\u00e9f\u00e9rable d\u2019utiliser un quai flottant.<\/span><\/p>\n\n\t\t\t\t\t<\/div><\/div>[\/vc_column][\/vc_row][vc_row css=&#8221;.vc_custom_1613501252754{padding-top: 20px !important;}&#8221;][vc_column width=&#8221;1\/2&#8243;][vc_single_image image=&#8221;1845&#8243; img_size=&#8221;medium&#8221; add_caption=&#8221;yes&#8221; alignment=&#8221;center&#8221; style=&#8221;vc_box_shadow&#8221; onclick=&#8221;link_image&#8221; css=&#8221;.vc_custom_1613501211240{padding-bottom: 24px !important;}&#8221;][\/vc_column][vc_column width=&#8221;1\/2&#8243;][vc_single_image image=&#8221;1834&#8243; img_size=&#8221;medium&#8221; add_caption=&#8221;yes&#8221; alignment=&#8221;center&#8221; style=&#8221;vc_box_shadow&#8221; onclick=&#8221;link_image&#8221; css=&#8221;.vc_custom_1613487867874{padding-bottom: 24px !important;}&#8221;][\/vc_column][\/vc_row][vc_row][vc_column]<div   ><div style=\"font-size:22px; color:; font-weight:normal; line-height:22px;\">\n\t\t\t\t\t\n<p style=\"text-align: justify;\"><span style=\"font-size: 16pt;\">Pour toute modification des berges, il faut s\u2019informer aupr\u00e8s du minist\u00e8re de l\u2019Environnement pour s\u2019assurer qu\u2019il ne n\u00e9cessite pas un permis au pr\u00e9alable.<\/span><\/p>\n\n\t\t\t\t\t<\/div><\/div>[\/vc_column][\/vc_row]\n","protected":false},"excerpt":{"rendered":"<p>[vc_row][vc_column][vc_single_image image=&#8221;1859&#8243; img_size=&#8221;medium&#8221; add_caption=&#8221;yes&#8221; alignment=&#8221;center&#8221; style=&#8221;vc_box_shadow&#8221; onclick=&#8221;link_image&#8221; css=&#8221;.vc_custom_1613487897878{padding-bottom: 24px !important;}&#8221;][\/vc_column][\/vc_row][vc_row css=&#8221;.vc_custom_1613501252754{padding-top: 20px !important;}&#8221;][vc_column width=&#8221;1\/2&#8243;][vc_single_image image=&#8221;1845&#8243; img_size=&#8221;medium&#8221; add_caption=&#8221;yes&#8221; alignment=&#8221;center&#8221; style=&#8221;vc_box_shadow&#8221; onclick=&#8221;link_image&#8221; css=&#8221;.vc_custom_1613501211240{padding-bottom: 24px !important;}&#8221;][\/vc_column][vc_column width=&#8221;1\/2&#8243;][vc_single_image image=&#8221;1834&#8243; img_size=&#8221;medium&#8221; add_caption=&#8221;yes&#8221; alignment=&#8221;center&#8221; style=&#8221;vc_box_shadow&#8221; onclick=&#8221;link_image&#8221; css=&#8221;.vc_custom_1613487867874{padding-bottom: 24px !important;}&#8221;][\/vc_column][\/vc_row][vc_row][vc_column][\/vc_column][\/vc_row]<\/p>\n","protected":false},"author":1,"featured_media":0,"parent":0,"menu_order":0,"comment_status":"closed","ping_status":"closed","template":"","meta":[],"yoast_head":"<!-- This site is optimized with the Yoast SEO plugin v20.8 - https:\/\/yoast.com\/wordpress\/plugins\/seo\/ -->\n<title>Zones Tampons - CGERP Inc.<\/title>\n<meta name=\"robots\" content=\"index, follow, max-snippet:-1, max-image-preview:large, max-video-preview:-1\" \/>\n<link rel=\"canonical\" href=\"https:\/\/cgerp.ca\/wordpress\/zones-tampons\/\" \/>\n<meta property=\"og:locale\" content=\"en_US\" \/>\n<meta property=\"og:type\" content=\"article\" \/>\n<meta property=\"og:title\" content=\"Zones Tampons - CGERP Inc.\" \/>\n<meta property=\"og:description\" content=\"[vc_row][vc_column][vc_single_image image=&#8221;1859&#8243; img_size=&#8221;medium&#8221; add_caption=&#8221;yes&#8221; alignment=&#8221;center&#8221; style=&#8221;vc_box_shadow&#8221; onclick=&#8221;link_image&#8221; css=&#8221;.vc_custom_1613487897878{padding-bottom: 24px !important;}&#8221;][\/vc_column][\/vc_row][vc_row css=&#8221;.vc_custom_1613501252754{padding-top: 20px !important;}&#8221;][vc_column width=&#8221;1\/2&#8243;][vc_single_image image=&#8221;1845&#8243; img_size=&#8221;medium&#8221; add_caption=&#8221;yes&#8221; alignment=&#8221;center&#8221; style=&#8221;vc_box_shadow&#8221; onclick=&#8221;link_image&#8221; css=&#8221;.vc_custom_1613501211240{padding-bottom: 24px !important;}&#8221;][\/vc_column][vc_column width=&#8221;1\/2&#8243;][vc_single_image image=&#8221;1834&#8243; img_size=&#8221;medium&#8221; add_caption=&#8221;yes&#8221; alignment=&#8221;center&#8221; style=&#8221;vc_box_shadow&#8221; onclick=&#8221;link_image&#8221; css=&#8221;.vc_custom_1613487867874{padding-bottom: 24px !important;}&#8221;][\/vc_column][\/vc_row][vc_row][vc_column][\/vc_column][\/vc_row]\" \/>\n<meta property=\"og:url\" content=\"https:\/\/cgerp.ca\/wordpress\/zones-tampons\/\" \/>\n<meta property=\"og:site_name\" content=\"CGERP Inc.\" \/>\n<meta property=\"article:publisher\" content=\"https:\/\/www.facebook.com\/profile.php?id=100064328066871\" \/>\n<meta property=\"article:modified_time\" content=\"2021-02-16T18:59:01+00:00\" \/>\n<meta name=\"twitter:card\" content=\"summary_large_image\" \/>\n<meta name=\"twitter:label1\" content=\"Est. reading time\" \/>\n\t<meta name=\"twitter:data1\" content=\"3 minutes\" \/>\n<script type=\"application\/ld+json\" class=\"yoast-schema-graph\">{\"@context\":\"https:\/\/schema.org\",\"@graph\":[{\"@type\":\"WebPage\",\"@id\":\"https:\/\/cgerp.ca\/wordpress\/zones-tampons\/\",\"url\":\"https:\/\/cgerp.ca\/wordpress\/zones-tampons\/\",\"name\":\"Zones Tampons - CGERP Inc.\",\"isPartOf\":{\"@id\":\"https:\/\/cgerp.ca\/wordpress\/#website\"},\"datePublished\":\"2021-02-16T14:20:43+00:00\",\"dateModified\":\"2021-02-16T18:59:01+00:00\",\"breadcrumb\":{\"@id\":\"https:\/\/cgerp.ca\/wordpress\/zones-tampons\/#breadcrumb\"},\"inLanguage\":\"en-US\",\"potentialAction\":[{\"@type\":\"ReadAction\",\"target\":[\"https:\/\/cgerp.ca\/wordpress\/zones-tampons\/\"]}]},{\"@type\":\"BreadcrumbList\",\"@id\":\"https:\/\/cgerp.ca\/wordpress\/zones-tampons\/#breadcrumb\",\"itemListElement\":[{\"@type\":\"ListItem\",\"position\":1,\"name\":\"Home\",\"item\":\"https:\/\/cgerp.ca\/wordpress\/\"},{\"@type\":\"ListItem\",\"position\":2,\"name\":\"Zones Tampons\"}]},{\"@type\":\"WebSite\",\"@id\":\"https:\/\/cgerp.ca\/wordpress\/#website\",\"url\":\"https:\/\/cgerp.ca\/wordpress\/\",\"name\":\"CGERP Inc.\",\"description\":\"Le bassin versant de la rivi\u00e8re Pokemouche est situ\u00e9 dans le Nord-Est du Nouveau-Brunswick \u00e0 l\u2019int\u00e9rieur de la r\u00e9gion appel\u00e9e la P\u00e9ninsule Acadienne.\",\"publisher\":{\"@id\":\"https:\/\/cgerp.ca\/wordpress\/#organization\"},\"potentialAction\":[{\"@type\":\"SearchAction\",\"target\":{\"@type\":\"EntryPoint\",\"urlTemplate\":\"https:\/\/cgerp.ca\/wordpress\/?s={search_term_string}\"},\"query-input\":\"required name=search_term_string\"}],\"inLanguage\":\"en-US\"},{\"@type\":\"Organization\",\"@id\":\"https:\/\/cgerp.ca\/wordpress\/#organization\",\"name\":\"CGERP Inc.\",\"url\":\"https:\/\/cgerp.ca\/wordpress\/\",\"logo\":{\"@type\":\"ImageObject\",\"inLanguage\":\"en-US\",\"@id\":\"https:\/\/cgerp.ca\/wordpress\/#\/schema\/logo\/image\/\",\"url\":\"https:\/\/cgerp.ca\/wordpress\/wp-content\/uploads\/2021\/02\/cgerp-new-logo-2021-d.png\",\"contentUrl\":\"https:\/\/cgerp.ca\/wordpress\/wp-content\/uploads\/2021\/02\/cgerp-new-logo-2021-d.png\",\"width\":446,\"height\":200,\"caption\":\"CGERP Inc.\"},\"image\":{\"@id\":\"https:\/\/cgerp.ca\/wordpress\/#\/schema\/logo\/image\/\"},\"sameAs\":[\"https:\/\/www.facebook.com\/profile.php?id=100064328066871\"]}]}<\/script>\n<!-- \/ Yoast SEO plugin. -->","yoast_head_json":{"title":"Zones Tampons - CGERP Inc.","robots":{"index":"index","follow":"follow","max-snippet":"max-snippet:-1","max-image-preview":"max-image-preview:large","max-video-preview":"max-video-preview:-1"},"canonical":"https:\/\/cgerp.ca\/wordpress\/zones-tampons\/","og_locale":"en_US","og_type":"article","og_title":"Zones Tampons - CGERP Inc.","og_description":"[vc_row][vc_column][vc_single_image image=&#8221;1859&#8243; img_size=&#8221;medium&#8221; add_caption=&#8221;yes&#8221; alignment=&#8221;center&#8221; style=&#8221;vc_box_shadow&#8221; onclick=&#8221;link_image&#8221; css=&#8221;.vc_custom_1613487897878{padding-bottom: 24px !important;}&#8221;][\/vc_column][\/vc_row][vc_row css=&#8221;.vc_custom_1613501252754{padding-top: 20px !important;}&#8221;][vc_column width=&#8221;1\/2&#8243;][vc_single_image image=&#8221;1845&#8243; img_size=&#8221;medium&#8221; add_caption=&#8221;yes&#8221; alignment=&#8221;center&#8221; style=&#8221;vc_box_shadow&#8221; onclick=&#8221;link_image&#8221; css=&#8221;.vc_custom_1613501211240{padding-bottom: 24px !important;}&#8221;][\/vc_column][vc_column width=&#8221;1\/2&#8243;][vc_single_image image=&#8221;1834&#8243; img_size=&#8221;medium&#8221; add_caption=&#8221;yes&#8221; alignment=&#8221;center&#8221; style=&#8221;vc_box_shadow&#8221; onclick=&#8221;link_image&#8221; css=&#8221;.vc_custom_1613487867874{padding-bottom: 24px !important;}&#8221;][\/vc_column][\/vc_row][vc_row][vc_column][\/vc_column][\/vc_row]","og_url":"https:\/\/cgerp.ca\/wordpress\/zones-tampons\/","og_site_name":"CGERP Inc.","article_publisher":"https:\/\/www.facebook.com\/profile.php?id=100064328066871","article_modified_time":"2021-02-16T18:59:01+00:00","twitter_card":"summary_large_image","twitter_misc":{"Est. reading time":"3 minutes"},"schema":{"@context":"https:\/\/schema.org","@graph":[{"@type":"WebPage","@id":"https:\/\/cgerp.ca\/wordpress\/zones-tampons\/","url":"https:\/\/cgerp.ca\/wordpress\/zones-tampons\/","name":"Zones Tampons - CGERP Inc.","isPartOf":{"@id":"https:\/\/cgerp.ca\/wordpress\/#website"},"datePublished":"2021-02-16T14:20:43+00:00","dateModified":"2021-02-16T18:59:01+00:00","breadcrumb":{"@id":"https:\/\/cgerp.ca\/wordpress\/zones-tampons\/#breadcrumb"},"inLanguage":"en-US","potentialAction":[{"@type":"ReadAction","target":["https:\/\/cgerp.ca\/wordpress\/zones-tampons\/"]}]},{"@type":"BreadcrumbList","@id":"https:\/\/cgerp.ca\/wordpress\/zones-tampons\/#breadcrumb","itemListElement":[{"@type":"ListItem","position":1,"name":"Home","item":"https:\/\/cgerp.ca\/wordpress\/"},{"@type":"ListItem","position":2,"name":"Zones Tampons"}]},{"@type":"WebSite","@id":"https:\/\/cgerp.ca\/wordpress\/#website","url":"https:\/\/cgerp.ca\/wordpress\/","name":"CGERP Inc.","description":"Le bassin versant de la rivi\u00e8re Pokemouche est situ\u00e9 dans le Nord-Est du Nouveau-Brunswick \u00e0 l\u2019int\u00e9rieur de la r\u00e9gion appel\u00e9e la P\u00e9ninsule Acadienne.","publisher":{"@id":"https:\/\/cgerp.ca\/wordpress\/#organization"},"potentialAction":[{"@type":"SearchAction","target":{"@type":"EntryPoint","urlTemplate":"https:\/\/cgerp.ca\/wordpress\/?s={search_term_string}"},"query-input":"required name=search_term_string"}],"inLanguage":"en-US"},{"@type":"Organization","@id":"https:\/\/cgerp.ca\/wordpress\/#organization","name":"CGERP Inc.","url":"https:\/\/cgerp.ca\/wordpress\/","logo":{"@type":"ImageObject","inLanguage":"en-US","@id":"https:\/\/cgerp.ca\/wordpress\/#\/schema\/logo\/image\/","url":"https:\/\/cgerp.ca\/wordpress\/wp-content\/uploads\/2021\/02\/cgerp-new-logo-2021-d.png","contentUrl":"https:\/\/cgerp.ca\/wordpress\/wp-content\/uploads\/2021\/02\/cgerp-new-logo-2021-d.png","width":446,"height":200,"caption":"CGERP Inc."},"image":{"@id":"https:\/\/cgerp.ca\/wordpress\/#\/schema\/logo\/image\/"},"sameAs":["https:\/\/www.facebook.com\/profile.php?id=100064328066871"]}]}},"_links":{"self":[{"href":"https:\/\/cgerp.ca\/wordpress\/wp-json\/wp\/v2\/pages\/2195"}],"collection":[{"href":"https:\/\/cgerp.ca\/wordpress\/wp-json\/wp\/v2\/pages"}],"about":[{"href":"https:\/\/cgerp.ca\/wordpress\/wp-json\/wp\/v2\/types\/page"}],"author":[{"embeddable":true,"href":"https:\/\/cgerp.ca\/wordpress\/wp-json\/wp\/v2\/users\/1"}],"replies":[{"embeddable":true,"href":"https:\/\/cgerp.ca\/wordpress\/wp-json\/wp\/v2\/comments?post=2195"}],"version-history":[{"count":19,"href":"https:\/\/cgerp.ca\/wordpress\/wp-json\/wp\/v2\/pages\/2195\/revisions"}],"predecessor-version":[{"id":2294,"href":"https:\/\/cgerp.ca\/wordpress\/wp-json\/wp\/v2\/pages\/2195\/revisions\/2294"}],"wp:attachment":[{"href":"https:\/\/cgerp.ca\/wordpress\/wp-json\/wp\/v2\/media?parent=2195"}],"curies":[{"name":"wp","href":"https:\/\/api.w.org\/{rel}","templated":true}]}}