{"id":2198,"date":"2021-02-16T10:21:20","date_gmt":"2021-02-16T14:21:20","guid":{"rendered":"https:\/\/cgerp.ca\/wordpress\/?page_id=2198"},"modified":"2021-02-23T12:54:35","modified_gmt":"2021-02-23T16:54:35","slug":"zones-riveraines","status":"publish","type":"page","link":"https:\/\/cgerp.ca\/wordpress\/zones-riveraines\/","title":{"rendered":"Zones Riveraines"},"content":{"rendered":"[vc_row][vc_column]<div  class=\"swmsc_fancy_heading swmsc_fancy_heading_center fh_icon_area-chart\" style=\"margin-top:0px;margin-bottom:20px;\">\n\t\t\t\t\t\t<div class=\"swmsc_fancy_heading_text\" style=\"font-size:30px;line-height:36px;\">\n\t\t\t\t\t\t\t<span style=\"color: #000000;\">Zones Riveraines<\/span>\n\t\t\t\t\t\t\t<div class=\"swmsc_fancy_heading_border\">\n\t\t\t\t\t\t\t\t<span class=\"swmsc_fancy_heading_border1\" style=\"background:#36ace2;\"><\/span>\n\t\t\t\t\t\t\t\t<span class=\"swmsc_fancy_heading_border2\" style=\"background:#36ace2;\"><\/span>\n\t\t\t\t\t\t\t\t<span class=\"swmsc_fancy_heading_icon\"><i class=\"fa fa-area-chart\"  style=\"color:#000000;\"><\/i><\/span>\n\t\t\t\t\t\t\t<\/div>\n\t\t\t\t\t\t<\/div>\n\t\t\t\t\t<\/div>[\/vc_column][\/vc_row][vc_row][vc_column width=&#8221;2\/3&#8243;]<div   ><div style=\"font-size:22px; color:; font-weight:normal; line-height:22px;\">\n\t\t\t\t\t\n<p style=\"text-align: justify;\"><span style=\"font-size: 16pt;\">Le CGERP a effectu\u00e9 durant les \u00e9t\u00e9s 2016 et 2017 un inventaire des zones riveraines sur le long de la rivi\u00e8re Pokemouche. Celui-ci nous a permis de d\u00e9terminer les zones qui se sont d\u00e9t\u00e9rior\u00e9es au fils des ann\u00e9es et sur lesquels de nouvelles constructions se sont \u00e9tablies.<\/span><\/p>\n<p style=\"text-align: justify;\"><span style=\"font-size: 16pt;\">Un manque de v\u00e9g\u00e9tation sur les berges peut mener \u00e0 une diminution de la qualit\u00e9 de l\u2019eau et favorise l\u2019\u00e9rosion des berges. Une zone tampon en mauvais \u00e9tat ne filtre plus l\u2019exc\u00e8s d\u2019eau, de nutriment et de produit chimique et se d\u00e9verse alors dans la rivi\u00e8re. Cette perte de v\u00e9g\u00e9tation augmente le rythme d\u2019\u00e9rosion des berges, ce qui m\u00e8ne \u00e0 une augmentation de la s\u00e9dimentation dans la rivi\u00e8re. Tous ces impacts ont un effet n\u00e9gatif sur la qualit\u00e9 de l\u2019habitat dans lequel plusieurs esp\u00e8ces aquatiques en d\u00e9pendent.<\/span><\/p>\n<p style=\"text-align: justify;\"><span style=\"font-size: 16pt;\">L\u2019inventaire a \u00e9t\u00e9 fait en canot dans quatre sections de la rivi\u00e8re Pokemouche et trois types de donn\u00e9es ont \u00e9t\u00e9 not\u00e9s, la couverture v\u00e9g\u00e9tale, la pr\u00e9sence de murets\/remblais et l\u2019\u00e9rosion.<\/span><\/p>\n\n\t\t\t\t\t<\/div><\/div>[\/vc_column][vc_column width=&#8221;1\/3&#8243;][vc_single_image image=&#8221;1788&#8243; img_size=&#8221;medium&#8221; add_caption=&#8221;yes&#8221; alignment=&#8221;center&#8221; style=&#8221;vc_box_shadow&#8221; onclick=&#8221;link_image&#8221; css=&#8221;.vc_custom_1613498677980{padding-top: 24px !important;padding-bottom: 24px !important;}&#8221;][\/vc_column][\/vc_row][vc_row][vc_column]<div  class=\"swmsc_horizontal_line\" style=\"padding-top:30px;padding-bottom:20px;\">\n\t\t\t\t\t\t<span class=\"swmsc_horizontal_line_h_line\" style=\"border-bottom:2px solid #e6e6e6;\"><\/span>\n\t\t\t\t\t<div class=\"clear\"><\/div>\n\t\t\t\t\t<\/div><div   ><div style=\"font-size:22px; color:; font-weight:normal; line-height:22px;\">\n\t\t\t\t\t\n<h3 style=\"text-align: center;\"><strong>Section 1<\/strong><\/h3>\n<p style=\"text-align: center;\"><span style=\"font-size: 16pt;\">Pont Roger Breeze au pont de Landry Office<strong>\u00a0*<\/strong>Distance totale\u00a0: 21 400 m\u00e8tres.<\/span><\/p>\n\n\t\t\t\t\t<\/div><\/div><div  class=\"swmsc_slider_box\" >\n\t\t\t\t\t\t<div class=\"swmsc_image_slider flexslider\" data-slideAnimation=\"slide\" data-autoSlide=\"false\" data-autoSlideInterval=\"5000\" data-bulletNavigation=\"true\" data-arrowNavigation=\"true\" >\n\t\t\t\t\t\t\t<ul class=\"slides\">\n\t\t\t\t\t\t\t\t<li><a href=\"#\" target=\"_self\"><img src=\"https:\/\/cgerp.ca\/wordpress\/wp-content\/uploads\/2021\/02\/ve\u0301ge\u0301tation.jpg\" alt=\"\" \/><\/a><\/li><li><a href=\"#\" target=\"_self\"><img src=\"https:\/\/cgerp.ca\/wordpress\/wp-content\/uploads\/2021\/02\/murets-et-remblais.jpg\" alt=\"\" \/><\/a><\/li><li><a href=\"#\" target=\"_self\"><img src=\"https:\/\/cgerp.ca\/wordpress\/wp-content\/uploads\/2021\/02\/rosion.jpg\" alt=\"\" \/><\/a><\/li>\n\t\t\t\t\t\t\t<\/ul>\n\t\t\t\t\t\t<\/div>\n\t\t\t\t\t<\/div><div  class=\"swmsc_horizontal_line\" style=\"padding-top:30px;padding-bottom:20px;\">\n\t\t\t\t\t\t<span class=\"swmsc_horizontal_line_h_line\" style=\"border-bottom:2px solid #e6e6e6;\"><\/span>\n\t\t\t\t\t<div class=\"clear\"><\/div>\n\t\t\t\t\t<\/div><div   ><div style=\"font-size:22px; color:; font-weight:normal; line-height:22px;\">\n\t\t\t\t\t\n<h3 style=\"text-align: center;\"><strong>Section 2<\/strong><\/h3>\n<p style=\"text-align: center;\"><span style=\"font-size: 16pt;\">Pont de Landry Office\u00a0 au pont de Pokemouche *Distance totale\u00a0: 25 515 m\u00e8tres.<\/span><\/p>\n\n\t\t\t\t\t<\/div><\/div><div  class=\"swmsc_slider_box\" >\n\t\t\t\t\t\t<div class=\"swmsc_image_slider flexslider\" data-slideAnimation=\"slide\" data-autoSlide=\"false\" data-autoSlideInterval=\"5000\" data-bulletNavigation=\"true\" data-arrowNavigation=\"true\" >\n\t\t\t\t\t\t\t<ul class=\"slides\">\n\t\t\t\t\t\t\t\t<li><a href=\"#\" target=\"_self\"><img src=\"https:\/\/cgerp.ca\/wordpress\/wp-content\/uploads\/2021\/02\/ve\u0301ge\u0301tation-section-2.jpg\" alt=\"\" \/><\/a><\/li><li><a href=\"#\" target=\"_self\"><img src=\"https:\/\/cgerp.ca\/wordpress\/wp-content\/uploads\/2021\/02\/rosion-section-2.jpg\" alt=\"\" \/><\/a><\/li><li><a href=\"#\" target=\"_self\"><img src=\"https:\/\/cgerp.ca\/wordpress\/wp-content\/uploads\/2021\/02\/murets-et-remblais-section-2.jpg\" alt=\"\" \/><\/a><\/li>\n\t\t\t\t\t\t\t<\/ul>\n\t\t\t\t\t\t<\/div>\n\t\t\t\t\t<\/div><div  class=\"swmsc_horizontal_line\" style=\"padding-top:30px;padding-bottom:20px;\">\n\t\t\t\t\t\t<span class=\"swmsc_horizontal_line_h_line\" style=\"border-bottom:2px solid #e6e6e6;\"><\/span>\n\t\t\t\t\t<div class=\"clear\"><\/div>\n\t\t\t\t\t<\/div><div   ><div style=\"font-size:22px; color:; font-weight:normal; line-height:22px;\">\n\t\t\t\t\t\n<h3 style=\"text-align: center;\"><strong>Section 3<\/strong><\/h3>\n<p style=\"text-align: center;\"><span style=\"font-size: 16pt;\">Pont de Pokemouche au pont du chemin Pallot<strong>\u00a0*<\/strong>Distance totale\u00a0: 18 840 m\u00e8tres.<\/span><\/p>\n\n\t\t\t\t\t<\/div><\/div><div  class=\"swmsc_slider_box\" >\n\t\t\t\t\t\t<div class=\"swmsc_image_slider flexslider\" data-slideAnimation=\"slide\" data-autoSlide=\"false\" data-autoSlideInterval=\"5000\" data-bulletNavigation=\"true\" data-arrowNavigation=\"true\" >\n\t\t\t\t\t\t\t<ul class=\"slides\">\n\t\t\t\t\t\t\t\t<li><a href=\"#\" target=\"_self\"><img src=\"https:\/\/cgerp.ca\/wordpress\/wp-content\/uploads\/2021\/02\/ve\u0301ge\u0301tation-section-3.jpg\" alt=\"\" \/><\/a><\/li><li><a href=\"#\" target=\"_self\"><img src=\"https:\/\/cgerp.ca\/wordpress\/wp-content\/uploads\/2021\/02\/rosion-section-3.jpg\" alt=\"\" \/><\/a><\/li><li><a href=\"#\" target=\"_self\"><img src=\"https:\/\/cgerp.ca\/wordpress\/wp-content\/uploads\/2021\/02\/murets-et-remblais-section-3.jpg\" alt=\"\" \/><\/a><\/li>\n\t\t\t\t\t\t\t<\/ul>\n\t\t\t\t\t\t<\/div>\n\t\t\t\t\t<\/div><div  class=\"swmsc_horizontal_line\" style=\"padding-top:30px;padding-bottom:20px;\">\n\t\t\t\t\t\t<span class=\"swmsc_horizontal_line_h_line\" style=\"border-bottom:2px solid #e6e6e6;\"><\/span>\n\t\t\t\t\t<div class=\"clear\"><\/div>\n\t\t\t\t\t<\/div><div   ><div style=\"font-size:22px; color:; font-weight:normal; line-height:22px;\">\n\t\t\t\t\t\n<h3 style=\"text-align: center;\"><strong>Section 4<\/strong><\/h3>\n<p style=\"text-align: center;\"><span style=\"font-size: 16pt;\">Route 113 (CKRO) au pont d\u2019Inkerman *Distance totale : 24 580 m\u00e8tres.<\/span><\/p>\n\n\t\t\t\t\t<\/div><\/div><div  class=\"swmsc_slider_box\" >\n\t\t\t\t\t\t<div class=\"swmsc_image_slider flexslider\" data-slideAnimation=\"slide\" data-autoSlide=\"false\" data-autoSlideInterval=\"5000\" data-bulletNavigation=\"true\" data-arrowNavigation=\"true\" >\n\t\t\t\t\t\t\t<ul class=\"slides\">\n\t\t\t\t\t\t\t\t<li><a href=\"#\" target=\"_self\"><img src=\"https:\/\/cgerp.ca\/wordpress\/wp-content\/uploads\/2021\/02\/ve\u0301ge\u0301tation-section-4.jpg\" alt=\"\" \/><\/a><\/li><li><a href=\"#\" target=\"_self\"><img src=\"https:\/\/cgerp.ca\/wordpress\/wp-content\/uploads\/2021\/02\/rosion-section-4.jpg\" alt=\"\" \/><\/a><\/li><li><a href=\"#\" target=\"_self\"><img src=\"https:\/\/cgerp.ca\/wordpress\/wp-content\/uploads\/2021\/02\/murets-et-remblais-section-4.jpg\" alt=\"\" \/><\/a><\/li>\n\t\t\t\t\t\t\t<\/ul>\n\t\t\t\t\t\t<\/div>\n\t\t\t\t\t<\/div><div  class=\"swmsc_horizontal_line\" style=\"padding-top:30px;padding-bottom:20px;\">\n\t\t\t\t\t\t<span class=\"swmsc_horizontal_line_h_line\" style=\"border-bottom:2px solid #e6e6e6;\"><\/span>\n\t\t\t\t\t<div class=\"clear\"><\/div>\n\t\t\t\t\t<\/div><div   ><div style=\"font-size:22px; color:; font-weight:normal; line-height:22px;\">\n\t\t\t\t\t\n<h3 style=\"text-align: center;\">Tous les secteurs ensembles<\/h3>\n\n\t\t\t\t\t<\/div><\/div><div  class=\"swmsc_slider_box\" >\n\t\t\t\t\t\t<div class=\"swmsc_image_slider flexslider\" data-slideAnimation=\"slide\" data-autoSlide=\"false\" data-autoSlideInterval=\"5000\" data-bulletNavigation=\"true\" data-arrowNavigation=\"true\" >\n\t\t\t\t\t\t\t<ul class=\"slides\">\n\t\t\t\t\t\t\t\t<li><a href=\"#\" target=\"_self\"><img src=\"https:\/\/cgerp.ca\/wordpress\/wp-content\/uploads\/2021\/02\/ve\u0301ge\u0301tation-tout.jpg\" alt=\"\" \/><\/a><\/li><li><a href=\"#\" target=\"_self\"><img src=\"https:\/\/cgerp.ca\/wordpress\/wp-content\/uploads\/2021\/02\/rosion-tout.jpg\" alt=\"\" \/><\/a><\/li><li><a href=\"#\" target=\"_self\"><img src=\"https:\/\/cgerp.ca\/wordpress\/wp-content\/uploads\/2021\/02\/murets-et-remblais-tout.jpg\" alt=\"\" \/><\/a><\/li>\n\t\t\t\t\t\t\t<\/ul>\n\t\t\t\t\t\t<\/div>\n\t\t\t\t\t<\/div><div  class=\"swmsc_horizontal_line\" style=\"padding-top:30px;padding-bottom:20px;\">\n\t\t\t\t\t\t<span class=\"swmsc_horizontal_line_h_line\" style=\"border-bottom:2px solid #e6e6e6;\"><\/span>\n\t\t\t\t\t<div class=\"clear\"><\/div>\n\t\t\t\t\t<\/div><div   ><div style=\"font-size:22px; color:; font-weight:normal; line-height:22px;\">\n\t\t\t\t\t\n<h3 style=\"text-align: center;\">\u00c9tat g\u00e9n\u00e9rale des berges de la rivi\u00e8re Pokemouche<\/h3>\n<p style=\"text-align: justify;\"><span style=\"font-size: 16pt;\">Comme on peut le voir dans les tableaux si dessous, la majorit\u00e9 de la rivi\u00e8re poss\u00e8de un couvert v\u00e9g\u00e9tal naturel et pr\u00e9sente peu de signes d\u2019\u00e9rosion. Cependant, ceci pourrait changer avec l\u2019apparition de nouvelle propri\u00e9t\u00e9 ou la coupe de la for\u00eat pour d\u2019autre projet commercial. Il est donc important de conscientiser les gens sur les impacts n\u00e9gatifs que de tels projets peuvent avoir sur la rivi\u00e8re.<\/span><\/p>\n\n\t\t\t\t\t<\/div><\/div><div  class=\"swmsc_slider_box\" >\n\t\t\t\t\t\t<div class=\"swmsc_image_slider flexslider\" data-slideAnimation=\"slide\" data-autoSlide=\"true\" data-autoSlideInterval=\"5000\" data-bulletNavigation=\"true\" data-arrowNavigation=\"true\" >\n\t\t\t\t\t\t\t<ul class=\"slides\">\n\t\t\t\t\t\t\t\t<li><a href=\"#\" target=\"_self\"><img src=\"https:\/\/cgerp.ca\/wordpress\/wp-content\/uploads\/2021\/02\/image034.gif\" alt=\"\" \/><\/a><\/li><li><a href=\"#\" target=\"_self\"><img src=\"https:\/\/cgerp.ca\/wordpress\/wp-content\/uploads\/2021\/02\/image038.gif\" alt=\"\" \/><\/a><\/li><li><a href=\"#\" target=\"_self\"><img src=\"https:\/\/cgerp.ca\/wordpress\/wp-content\/uploads\/2021\/02\/image036.gif\" alt=\"\" \/><\/a><\/li>\n\t\t\t\t\t\t\t<\/ul>\n\t\t\t\t\t\t<\/div>\n\t\t\t\t\t<\/div>[\/vc_column][\/vc_row]\n","protected":false},"excerpt":{"rendered":"<p>[vc_row][vc_column][\/vc_column][\/vc_row][vc_row][vc_column width=&#8221;2\/3&#8243;][\/vc_column][vc_column width=&#8221;1\/3&#8243;][vc_single_image image=&#8221;1788&#8243; img_size=&#8221;medium&#8221; add_caption=&#8221;yes&#8221; alignment=&#8221;center&#8221; style=&#8221;vc_box_shadow&#8221; onclick=&#8221;link_image&#8221; css=&#8221;.vc_custom_1613498677980{padding-top: 24px !important;padding-bottom: 24px !important;}&#8221;][\/vc_column][\/vc_row][vc_row][vc_column][\/vc_column][\/vc_row]<\/p>\n","protected":false},"author":1,"featured_media":0,"parent":0,"menu_order":0,"comment_status":"closed","ping_status":"closed","template":"","meta":[],"yoast_head":"<!-- This site is optimized with the Yoast SEO plugin v20.8 - https:\/\/yoast.com\/wordpress\/plugins\/seo\/ -->\n<title>Zones Riveraines - CGERP Inc.<\/title>\n<meta name=\"robots\" content=\"index, follow, max-snippet:-1, max-image-preview:large, max-video-preview:-1\" \/>\n<link rel=\"canonical\" href=\"https:\/\/cgerp.ca\/wordpress\/zones-riveraines\/\" \/>\n<meta property=\"og:locale\" content=\"en_US\" \/>\n<meta property=\"og:type\" content=\"article\" \/>\n<meta property=\"og:title\" content=\"Zones Riveraines - CGERP Inc.\" \/>\n<meta property=\"og:description\" content=\"[vc_row][vc_column][\/vc_column][\/vc_row][vc_row][vc_column width=&#8221;2\/3&#8243;][\/vc_column][vc_column width=&#8221;1\/3&#8243;][vc_single_image image=&#8221;1788&#8243; img_size=&#8221;medium&#8221; add_caption=&#8221;yes&#8221; alignment=&#8221;center&#8221; style=&#8221;vc_box_shadow&#8221; onclick=&#8221;link_image&#8221; css=&#8221;.vc_custom_1613498677980{padding-top: 24px !important;padding-bottom: 24px !important;}&#8221;][\/vc_column][\/vc_row][vc_row][vc_column][\/vc_column][\/vc_row]\" \/>\n<meta property=\"og:url\" content=\"https:\/\/cgerp.ca\/wordpress\/zones-riveraines\/\" \/>\n<meta property=\"og:site_name\" content=\"CGERP Inc.\" \/>\n<meta property=\"article:publisher\" content=\"https:\/\/www.facebook.com\/profile.php?id=100064328066871\" \/>\n<meta property=\"article:modified_time\" content=\"2021-02-23T16:54:35+00:00\" \/>\n<meta name=\"twitter:card\" content=\"summary_large_image\" \/>\n<meta name=\"twitter:label1\" content=\"Est. reading time\" \/>\n\t<meta name=\"twitter:data1\" content=\"5 minutes\" \/>\n<script type=\"application\/ld+json\" class=\"yoast-schema-graph\">{\"@context\":\"https:\/\/schema.org\",\"@graph\":[{\"@type\":\"WebPage\",\"@id\":\"https:\/\/cgerp.ca\/wordpress\/zones-riveraines\/\",\"url\":\"https:\/\/cgerp.ca\/wordpress\/zones-riveraines\/\",\"name\":\"Zones Riveraines - CGERP Inc.\",\"isPartOf\":{\"@id\":\"https:\/\/cgerp.ca\/wordpress\/#website\"},\"datePublished\":\"2021-02-16T14:21:20+00:00\",\"dateModified\":\"2021-02-23T16:54:35+00:00\",\"breadcrumb\":{\"@id\":\"https:\/\/cgerp.ca\/wordpress\/zones-riveraines\/#breadcrumb\"},\"inLanguage\":\"en-US\",\"potentialAction\":[{\"@type\":\"ReadAction\",\"target\":[\"https:\/\/cgerp.ca\/wordpress\/zones-riveraines\/\"]}]},{\"@type\":\"BreadcrumbList\",\"@id\":\"https:\/\/cgerp.ca\/wordpress\/zones-riveraines\/#breadcrumb\",\"itemListElement\":[{\"@type\":\"ListItem\",\"position\":1,\"name\":\"Home\",\"item\":\"https:\/\/cgerp.ca\/wordpress\/\"},{\"@type\":\"ListItem\",\"position\":2,\"name\":\"Zones Riveraines\"}]},{\"@type\":\"WebSite\",\"@id\":\"https:\/\/cgerp.ca\/wordpress\/#website\",\"url\":\"https:\/\/cgerp.ca\/wordpress\/\",\"name\":\"CGERP Inc.\",\"description\":\"Le bassin versant de la rivi\u00e8re Pokemouche est situ\u00e9 dans le Nord-Est du Nouveau-Brunswick \u00e0 l\u2019int\u00e9rieur de la r\u00e9gion appel\u00e9e la P\u00e9ninsule Acadienne.\",\"publisher\":{\"@id\":\"https:\/\/cgerp.ca\/wordpress\/#organization\"},\"potentialAction\":[{\"@type\":\"SearchAction\",\"target\":{\"@type\":\"EntryPoint\",\"urlTemplate\":\"https:\/\/cgerp.ca\/wordpress\/?s={search_term_string}\"},\"query-input\":\"required name=search_term_string\"}],\"inLanguage\":\"en-US\"},{\"@type\":\"Organization\",\"@id\":\"https:\/\/cgerp.ca\/wordpress\/#organization\",\"name\":\"CGERP Inc.\",\"url\":\"https:\/\/cgerp.ca\/wordpress\/\",\"logo\":{\"@type\":\"ImageObject\",\"inLanguage\":\"en-US\",\"@id\":\"https:\/\/cgerp.ca\/wordpress\/#\/schema\/logo\/image\/\",\"url\":\"https:\/\/cgerp.ca\/wordpress\/wp-content\/uploads\/2021\/02\/cgerp-new-logo-2021-d.png\",\"contentUrl\":\"https:\/\/cgerp.ca\/wordpress\/wp-content\/uploads\/2021\/02\/cgerp-new-logo-2021-d.png\",\"width\":446,\"height\":200,\"caption\":\"CGERP Inc.\"},\"image\":{\"@id\":\"https:\/\/cgerp.ca\/wordpress\/#\/schema\/logo\/image\/\"},\"sameAs\":[\"https:\/\/www.facebook.com\/profile.php?id=100064328066871\"]}]}<\/script>\n<!-- \/ Yoast SEO plugin. -->","yoast_head_json":{"title":"Zones Riveraines - CGERP Inc.","robots":{"index":"index","follow":"follow","max-snippet":"max-snippet:-1","max-image-preview":"max-image-preview:large","max-video-preview":"max-video-preview:-1"},"canonical":"https:\/\/cgerp.ca\/wordpress\/zones-riveraines\/","og_locale":"en_US","og_type":"article","og_title":"Zones Riveraines - CGERP Inc.","og_description":"[vc_row][vc_column][\/vc_column][\/vc_row][vc_row][vc_column width=&#8221;2\/3&#8243;][\/vc_column][vc_column width=&#8221;1\/3&#8243;][vc_single_image image=&#8221;1788&#8243; img_size=&#8221;medium&#8221; add_caption=&#8221;yes&#8221; alignment=&#8221;center&#8221; style=&#8221;vc_box_shadow&#8221; onclick=&#8221;link_image&#8221; css=&#8221;.vc_custom_1613498677980{padding-top: 24px !important;padding-bottom: 24px !important;}&#8221;][\/vc_column][\/vc_row][vc_row][vc_column][\/vc_column][\/vc_row]","og_url":"https:\/\/cgerp.ca\/wordpress\/zones-riveraines\/","og_site_name":"CGERP Inc.","article_publisher":"https:\/\/www.facebook.com\/profile.php?id=100064328066871","article_modified_time":"2021-02-23T16:54:35+00:00","twitter_card":"summary_large_image","twitter_misc":{"Est. reading time":"5 minutes"},"schema":{"@context":"https:\/\/schema.org","@graph":[{"@type":"WebPage","@id":"https:\/\/cgerp.ca\/wordpress\/zones-riveraines\/","url":"https:\/\/cgerp.ca\/wordpress\/zones-riveraines\/","name":"Zones Riveraines - CGERP Inc.","isPartOf":{"@id":"https:\/\/cgerp.ca\/wordpress\/#website"},"datePublished":"2021-02-16T14:21:20+00:00","dateModified":"2021-02-23T16:54:35+00:00","breadcrumb":{"@id":"https:\/\/cgerp.ca\/wordpress\/zones-riveraines\/#breadcrumb"},"inLanguage":"en-US","potentialAction":[{"@type":"ReadAction","target":["https:\/\/cgerp.ca\/wordpress\/zones-riveraines\/"]}]},{"@type":"BreadcrumbList","@id":"https:\/\/cgerp.ca\/wordpress\/zones-riveraines\/#breadcrumb","itemListElement":[{"@type":"ListItem","position":1,"name":"Home","item":"https:\/\/cgerp.ca\/wordpress\/"},{"@type":"ListItem","position":2,"name":"Zones Riveraines"}]},{"@type":"WebSite","@id":"https:\/\/cgerp.ca\/wordpress\/#website","url":"https:\/\/cgerp.ca\/wordpress\/","name":"CGERP Inc.","description":"Le bassin versant de la rivi\u00e8re Pokemouche est situ\u00e9 dans le Nord-Est du Nouveau-Brunswick \u00e0 l\u2019int\u00e9rieur de la r\u00e9gion appel\u00e9e la P\u00e9ninsule Acadienne.","publisher":{"@id":"https:\/\/cgerp.ca\/wordpress\/#organization"},"potentialAction":[{"@type":"SearchAction","target":{"@type":"EntryPoint","urlTemplate":"https:\/\/cgerp.ca\/wordpress\/?s={search_term_string}"},"query-input":"required name=search_term_string"}],"inLanguage":"en-US"},{"@type":"Organization","@id":"https:\/\/cgerp.ca\/wordpress\/#organization","name":"CGERP Inc.","url":"https:\/\/cgerp.ca\/wordpress\/","logo":{"@type":"ImageObject","inLanguage":"en-US","@id":"https:\/\/cgerp.ca\/wordpress\/#\/schema\/logo\/image\/","url":"https:\/\/cgerp.ca\/wordpress\/wp-content\/uploads\/2021\/02\/cgerp-new-logo-2021-d.png","contentUrl":"https:\/\/cgerp.ca\/wordpress\/wp-content\/uploads\/2021\/02\/cgerp-new-logo-2021-d.png","width":446,"height":200,"caption":"CGERP Inc."},"image":{"@id":"https:\/\/cgerp.ca\/wordpress\/#\/schema\/logo\/image\/"},"sameAs":["https:\/\/www.facebook.com\/profile.php?id=100064328066871"]}]}},"_links":{"self":[{"href":"https:\/\/cgerp.ca\/wordpress\/wp-json\/wp\/v2\/pages\/2198"}],"collection":[{"href":"https:\/\/cgerp.ca\/wordpress\/wp-json\/wp\/v2\/pages"}],"about":[{"href":"https:\/\/cgerp.ca\/wordpress\/wp-json\/wp\/v2\/types\/page"}],"author":[{"embeddable":true,"href":"https:\/\/cgerp.ca\/wordpress\/wp-json\/wp\/v2\/users\/1"}],"replies":[{"embeddable":true,"href":"https:\/\/cgerp.ca\/wordpress\/wp-json\/wp\/v2\/comments?post=2198"}],"version-history":[{"count":37,"href":"https:\/\/cgerp.ca\/wordpress\/wp-json\/wp\/v2\/pages\/2198\/revisions"}],"predecessor-version":[{"id":2353,"href":"https:\/\/cgerp.ca\/wordpress\/wp-json\/wp\/v2\/pages\/2198\/revisions\/2353"}],"wp:attachment":[{"href":"https:\/\/cgerp.ca\/wordpress\/wp-json\/wp\/v2\/media?parent=2198"}],"curies":[{"name":"wp","href":"https:\/\/api.w.org\/{rel}","templated":true}]}}