{"id":2204,"date":"2021-02-16T10:22:27","date_gmt":"2021-02-16T14:22:27","guid":{"rendered":"https:\/\/cgerp.ca\/wordpress\/?page_id=2204"},"modified":"2021-02-19T13:23:36","modified_gmt":"2021-02-19T17:23:36","slug":"psca","status":"publish","type":"page","link":"https:\/\/cgerp.ca\/wordpress\/psca\/","title":{"rendered":"PSCA"},"content":{"rendered":"[vc_row][vc_column]<div  class=\"swmsc_fancy_heading swmsc_fancy_heading_center fh_icon_eye\" style=\"margin-top:0px;margin-bottom:20px;\">\n\t\t\t\t\t\t<div class=\"swmsc_fancy_heading_text\" style=\"font-size:30px;line-height:36px;\">\n\t\t\t\t\t\t\t<span style=\"color: #000000;\">Programme de Surveillance de la Communaut\u00e9 Aquatique<\/span>\n\t\t\t\t\t\t\t<div class=\"swmsc_fancy_heading_border\">\n\t\t\t\t\t\t\t\t<span class=\"swmsc_fancy_heading_border1\" style=\"background:#36ace2;\"><\/span>\n\t\t\t\t\t\t\t\t<span class=\"swmsc_fancy_heading_border2\" style=\"background:#36ace2;\"><\/span>\n\t\t\t\t\t\t\t\t<span class=\"swmsc_fancy_heading_icon\"><i class=\"fa fa-eye\"  style=\"color:#000000;\"><\/i><\/span>\n\t\t\t\t\t\t\t<\/div>\n\t\t\t\t\t\t<\/div>\n\t\t\t\t\t<\/div>[\/vc_column][\/vc_row][vc_row][vc_column width=&#8221;2\/3&#8243;]<div   ><div style=\"font-size:22px; color:; font-weight:normal; line-height:22px;\">\n\t\t\t\t\t\n<p style=\"text-align: justify;\"><span style=\"font-size: 16pt;\">Le CGERP participe au programme de surveillance de la communaut\u00e9 aquatique (PSCA) de P\u00eaches et Oc\u00e9ans Canada. Le programme est bas\u00e9 sur une m\u00e9thode d\u2019\u00e9chantillonnage des esp\u00e8ces retrouv\u00e9es sur un espace d\u00e9fini du littoral estuarien. Le programme a pour but de sensibiliser les gens \u00e0 l\u2019\u00e9cologie des estuaires et des r\u00e9gions c\u00f4ti\u00e8res.\u00a0Il permet de recueillir des donn\u00e9es sur les esp\u00e8ces c\u00f4ti\u00e8res et pour v\u00e9rifier si les r\u00e9gions c\u00f4ti\u00e8res sont caract\u00e9ris\u00e9es par un nombre et des types particuliers de poissons, d\u2019invert\u00e9br\u00e9s et de plantes aquatiques. Ce programme de surveillance, men\u00e9 par les communaut\u00e9s, est \u00e9galement support\u00e9 par la Coalition pour la viabilit\u00e9 du sud du Golfe du Saint-Laurent, un organisme mandat\u00e9 \u00e0 faciliter et coordonner des projets de viabilit\u00e9 dans l\u2019ensemble du Golfe. Une fois par mois durant l\u2019\u00e9t\u00e9, six emplacements sont \u00e9chantillonn\u00e9s \u00e0 l\u2019int\u00e9rieur de chaque baie et estuaire.<\/span><\/p>\n<p style=\"text-align: justify;\"><span style=\"font-size: 16pt;\"><strong><em>Pour plus d\u2019infos :<\/em><\/strong>\u00a0<span style=\"color: #0000ff;\"><a style=\"color: #0000ff;\" href=\"http:\/\/www.glf.dfo-mpo.gc.ca\/Golfe\/PCSA\" target=\"_blank\" rel=\"noopener\">Programme de surveillance de la communaut\u00e9 aquatique (PSCA)<\/a><\/span><\/span><\/p>\n\n\t\t\t\t\t<\/div><\/div>[\/vc_column][vc_column width=&#8221;1\/3&#8243; css=&#8221;.vc_custom_1613755348064{padding-top: 24px !important;}&#8221;][vc_single_image image=&#8221;1833&#8243; img_size=&#8221;medium&#8221; alignment=&#8221;center&#8221; style=&#8221;vc_box_shadow&#8221; onclick=&#8221;link_image&#8221;][\/vc_column][\/vc_row]\n","protected":false},"excerpt":{"rendered":"<p>[vc_row][vc_column][\/vc_column][\/vc_row][vc_row][vc_column width=&#8221;2\/3&#8243;][\/vc_column][vc_column width=&#8221;1\/3&#8243; css=&#8221;.vc_custom_1613755348064{padding-top: 24px !important;}&#8221;][vc_single_image image=&#8221;1833&#8243; img_size=&#8221;medium&#8221; alignment=&#8221;center&#8221; style=&#8221;vc_box_shadow&#8221; onclick=&#8221;link_image&#8221;][\/vc_column][\/vc_row]<\/p>\n","protected":false},"author":1,"featured_media":0,"parent":0,"menu_order":0,"comment_status":"closed","ping_status":"closed","template":"","meta":[],"yoast_head":"<!-- This site is optimized with the Yoast SEO plugin v20.8 - https:\/\/yoast.com\/wordpress\/plugins\/seo\/ -->\n<title>PSCA - CGERP Inc.<\/title>\n<meta name=\"robots\" content=\"index, follow, max-snippet:-1, max-image-preview:large, max-video-preview:-1\" \/>\n<link rel=\"canonical\" href=\"https:\/\/cgerp.ca\/wordpress\/psca\/\" \/>\n<meta property=\"og:locale\" content=\"en_US\" \/>\n<meta property=\"og:type\" content=\"article\" \/>\n<meta property=\"og:title\" content=\"PSCA - CGERP Inc.\" \/>\n<meta property=\"og:description\" content=\"[vc_row][vc_column][\/vc_column][\/vc_row][vc_row][vc_column width=&#8221;2\/3&#8243;][\/vc_column][vc_column width=&#8221;1\/3&#8243; css=&#8221;.vc_custom_1613755348064{padding-top: 24px !important;}&#8221;][vc_single_image image=&#8221;1833&#8243; img_size=&#8221;medium&#8221; alignment=&#8221;center&#8221; style=&#8221;vc_box_shadow&#8221; onclick=&#8221;link_image&#8221;][\/vc_column][\/vc_row]\" \/>\n<meta property=\"og:url\" content=\"https:\/\/cgerp.ca\/wordpress\/psca\/\" \/>\n<meta property=\"og:site_name\" content=\"CGERP Inc.\" \/>\n<meta property=\"article:publisher\" content=\"https:\/\/www.facebook.com\/profile.php?id=100064328066871\" \/>\n<meta property=\"article:modified_time\" content=\"2021-02-19T17:23:36+00:00\" \/>\n<meta name=\"twitter:card\" content=\"summary_large_image\" \/>\n<meta name=\"twitter:label1\" content=\"Est. reading time\" \/>\n\t<meta name=\"twitter:data1\" content=\"1 minute\" \/>\n<script type=\"application\/ld+json\" class=\"yoast-schema-graph\">{\"@context\":\"https:\/\/schema.org\",\"@graph\":[{\"@type\":\"WebPage\",\"@id\":\"https:\/\/cgerp.ca\/wordpress\/psca\/\",\"url\":\"https:\/\/cgerp.ca\/wordpress\/psca\/\",\"name\":\"PSCA - CGERP Inc.\",\"isPartOf\":{\"@id\":\"https:\/\/cgerp.ca\/wordpress\/#website\"},\"datePublished\":\"2021-02-16T14:22:27+00:00\",\"dateModified\":\"2021-02-19T17:23:36+00:00\",\"breadcrumb\":{\"@id\":\"https:\/\/cgerp.ca\/wordpress\/psca\/#breadcrumb\"},\"inLanguage\":\"en-US\",\"potentialAction\":[{\"@type\":\"ReadAction\",\"target\":[\"https:\/\/cgerp.ca\/wordpress\/psca\/\"]}]},{\"@type\":\"BreadcrumbList\",\"@id\":\"https:\/\/cgerp.ca\/wordpress\/psca\/#breadcrumb\",\"itemListElement\":[{\"@type\":\"ListItem\",\"position\":1,\"name\":\"Home\",\"item\":\"https:\/\/cgerp.ca\/wordpress\/\"},{\"@type\":\"ListItem\",\"position\":2,\"name\":\"PSCA\"}]},{\"@type\":\"WebSite\",\"@id\":\"https:\/\/cgerp.ca\/wordpress\/#website\",\"url\":\"https:\/\/cgerp.ca\/wordpress\/\",\"name\":\"CGERP Inc.\",\"description\":\"Le bassin versant de la rivi\u00e8re Pokemouche est situ\u00e9 dans le Nord-Est du Nouveau-Brunswick \u00e0 l\u2019int\u00e9rieur de la r\u00e9gion appel\u00e9e la P\u00e9ninsule Acadienne.\",\"publisher\":{\"@id\":\"https:\/\/cgerp.ca\/wordpress\/#organization\"},\"potentialAction\":[{\"@type\":\"SearchAction\",\"target\":{\"@type\":\"EntryPoint\",\"urlTemplate\":\"https:\/\/cgerp.ca\/wordpress\/?s={search_term_string}\"},\"query-input\":\"required name=search_term_string\"}],\"inLanguage\":\"en-US\"},{\"@type\":\"Organization\",\"@id\":\"https:\/\/cgerp.ca\/wordpress\/#organization\",\"name\":\"CGERP Inc.\",\"url\":\"https:\/\/cgerp.ca\/wordpress\/\",\"logo\":{\"@type\":\"ImageObject\",\"inLanguage\":\"en-US\",\"@id\":\"https:\/\/cgerp.ca\/wordpress\/#\/schema\/logo\/image\/\",\"url\":\"https:\/\/cgerp.ca\/wordpress\/wp-content\/uploads\/2021\/02\/cgerp-new-logo-2021-d.png\",\"contentUrl\":\"https:\/\/cgerp.ca\/wordpress\/wp-content\/uploads\/2021\/02\/cgerp-new-logo-2021-d.png\",\"width\":446,\"height\":200,\"caption\":\"CGERP Inc.\"},\"image\":{\"@id\":\"https:\/\/cgerp.ca\/wordpress\/#\/schema\/logo\/image\/\"},\"sameAs\":[\"https:\/\/www.facebook.com\/profile.php?id=100064328066871\"]}]}<\/script>\n<!-- \/ Yoast SEO plugin. -->","yoast_head_json":{"title":"PSCA - CGERP Inc.","robots":{"index":"index","follow":"follow","max-snippet":"max-snippet:-1","max-image-preview":"max-image-preview:large","max-video-preview":"max-video-preview:-1"},"canonical":"https:\/\/cgerp.ca\/wordpress\/psca\/","og_locale":"en_US","og_type":"article","og_title":"PSCA - CGERP Inc.","og_description":"[vc_row][vc_column][\/vc_column][\/vc_row][vc_row][vc_column width=&#8221;2\/3&#8243;][\/vc_column][vc_column width=&#8221;1\/3&#8243; css=&#8221;.vc_custom_1613755348064{padding-top: 24px !important;}&#8221;][vc_single_image image=&#8221;1833&#8243; img_size=&#8221;medium&#8221; alignment=&#8221;center&#8221; style=&#8221;vc_box_shadow&#8221; onclick=&#8221;link_image&#8221;][\/vc_column][\/vc_row]","og_url":"https:\/\/cgerp.ca\/wordpress\/psca\/","og_site_name":"CGERP Inc.","article_publisher":"https:\/\/www.facebook.com\/profile.php?id=100064328066871","article_modified_time":"2021-02-19T17:23:36+00:00","twitter_card":"summary_large_image","twitter_misc":{"Est. reading time":"1 minute"},"schema":{"@context":"https:\/\/schema.org","@graph":[{"@type":"WebPage","@id":"https:\/\/cgerp.ca\/wordpress\/psca\/","url":"https:\/\/cgerp.ca\/wordpress\/psca\/","name":"PSCA - CGERP Inc.","isPartOf":{"@id":"https:\/\/cgerp.ca\/wordpress\/#website"},"datePublished":"2021-02-16T14:22:27+00:00","dateModified":"2021-02-19T17:23:36+00:00","breadcrumb":{"@id":"https:\/\/cgerp.ca\/wordpress\/psca\/#breadcrumb"},"inLanguage":"en-US","potentialAction":[{"@type":"ReadAction","target":["https:\/\/cgerp.ca\/wordpress\/psca\/"]}]},{"@type":"BreadcrumbList","@id":"https:\/\/cgerp.ca\/wordpress\/psca\/#breadcrumb","itemListElement":[{"@type":"ListItem","position":1,"name":"Home","item":"https:\/\/cgerp.ca\/wordpress\/"},{"@type":"ListItem","position":2,"name":"PSCA"}]},{"@type":"WebSite","@id":"https:\/\/cgerp.ca\/wordpress\/#website","url":"https:\/\/cgerp.ca\/wordpress\/","name":"CGERP Inc.","description":"Le bassin versant de la rivi\u00e8re Pokemouche est situ\u00e9 dans le Nord-Est du Nouveau-Brunswick \u00e0 l\u2019int\u00e9rieur de la r\u00e9gion appel\u00e9e la P\u00e9ninsule Acadienne.","publisher":{"@id":"https:\/\/cgerp.ca\/wordpress\/#organization"},"potentialAction":[{"@type":"SearchAction","target":{"@type":"EntryPoint","urlTemplate":"https:\/\/cgerp.ca\/wordpress\/?s={search_term_string}"},"query-input":"required name=search_term_string"}],"inLanguage":"en-US"},{"@type":"Organization","@id":"https:\/\/cgerp.ca\/wordpress\/#organization","name":"CGERP Inc.","url":"https:\/\/cgerp.ca\/wordpress\/","logo":{"@type":"ImageObject","inLanguage":"en-US","@id":"https:\/\/cgerp.ca\/wordpress\/#\/schema\/logo\/image\/","url":"https:\/\/cgerp.ca\/wordpress\/wp-content\/uploads\/2021\/02\/cgerp-new-logo-2021-d.png","contentUrl":"https:\/\/cgerp.ca\/wordpress\/wp-content\/uploads\/2021\/02\/cgerp-new-logo-2021-d.png","width":446,"height":200,"caption":"CGERP Inc."},"image":{"@id":"https:\/\/cgerp.ca\/wordpress\/#\/schema\/logo\/image\/"},"sameAs":["https:\/\/www.facebook.com\/profile.php?id=100064328066871"]}]}},"_links":{"self":[{"href":"https:\/\/cgerp.ca\/wordpress\/wp-json\/wp\/v2\/pages\/2204"}],"collection":[{"href":"https:\/\/cgerp.ca\/wordpress\/wp-json\/wp\/v2\/pages"}],"about":[{"href":"https:\/\/cgerp.ca\/wordpress\/wp-json\/wp\/v2\/types\/page"}],"author":[{"embeddable":true,"href":"https:\/\/cgerp.ca\/wordpress\/wp-json\/wp\/v2\/users\/1"}],"replies":[{"embeddable":true,"href":"https:\/\/cgerp.ca\/wordpress\/wp-json\/wp\/v2\/comments?post=2204"}],"version-history":[{"count":12,"href":"https:\/\/cgerp.ca\/wordpress\/wp-json\/wp\/v2\/pages\/2204\/revisions"}],"predecessor-version":[{"id":2337,"href":"https:\/\/cgerp.ca\/wordpress\/wp-json\/wp\/v2\/pages\/2204\/revisions\/2337"}],"wp:attachment":[{"href":"https:\/\/cgerp.ca\/wordpress\/wp-json\/wp\/v2\/media?parent=2204"}],"curies":[{"name":"wp","href":"https:\/\/api.w.org\/{rel}","templated":true}]}}